{"id":3601,"date":"2025-09-29T11:53:09","date_gmt":"2025-09-29T09:53:09","guid":{"rendered":"https:\/\/www.esasem.piuinternet.it\/prodotti\/sin categor\u00eda\/melissa-f1-wm-20160\/"},"modified":"2025-09-29T11:53:09","modified_gmt":"2025-09-29T09:53:09","slug":"melissa-f1-wm-20160","status":"publish","type":"product","link":"https:\/\/esasem.com\/es\/sementi-per-orto-professionali\/melissa-f1-wm-20160\/","title":{"rendered":"Melissa F1 (WM 20160)"},"content":{"rendered":"<p>Vigor medio, muy r\u00fastica, con buena cobertura foliar. Ciclo medio precoz. Cuajado y productividad notables. Ideal para trasplantes medios y tard\u00edos bajo t\u00faneles y en campo abierto. Es apta para injertos de cruces de Cucurbita sspp. <strong>De gran calibre, del tipo sand\u00eda ovalada alargada, de unos 15-20 kg o m\u00e1s<\/strong>, con una atractiva piel carmes\u00ed. En su madurez, la piel tiene un grosor normal para la variedad y una pulpa muy compacta y crujiente. <strong>Color rojo intenso, alto nivel Brix y excelente sabor<\/strong>. Pocas semillas, lo que, junto con una pulpa compacta y crujiente, la hacen ideal tanto para el mercado nacional como para la exportaci\u00f3n.<\/p>\n","protected":false},"excerpt":{"rendered":"<p>Resistencias:<br \/>\nHR: Fon:1<\/p>\n","protected":false},"featured_media":3602,"comment_status":"open","ping_status":"closed","template":"","meta":{"_acf_changed":false},"product_brand":[],"product_cat":[224],"product_tag":[],"class_list":{"0":"post-3601","1":"product","2":"type-product","3":"status-publish","4":"has-post-thumbnail","6":"product_cat-sandia","8":"first","9":"instock","10":"shipping-taxable","11":"product-type-simple"},"acf":[],"yoast_head":"<!-- This site is optimized with the Yoast SEO plugin v27.3 - https:\/\/yoast.com\/product\/yoast-seo-wordpress\/ -->\n<title>Semi di Sand\u00eda con Melissa F1 (WM 20160) - Sementi Melissa F1 (WM 20160)<\/title>\n<meta name=\"robots\" content=\"index, follow, max-snippet:-1, max-image-preview:large, max-video-preview:-1\" \/>\n<link rel=\"canonical\" href=\"https:\/\/esasem.com\/es\/sementi-per-orto-professionali\/melissa-f1-wm-20160\/\" \/>\n<meta property=\"og:locale\" content=\"es_ES\" \/>\n<meta property=\"og:type\" content=\"article\" \/>\n<meta property=\"og:title\" content=\"Semi di Sand\u00eda con Melissa F1 (WM 20160) - Sementi Melissa F1 (WM 20160)\" \/>\n<meta property=\"og:description\" content=\"Resistencias: HR: Fon:1\" \/>\n<meta property=\"og:url\" content=\"https:\/\/esasem.com\/es\/sementi-per-orto-professionali\/melissa-f1-wm-20160\/\" \/>\n<meta property=\"og:site_name\" content=\"Esasem\" \/>\n<meta property=\"og:image\" content=\"https:\/\/esasem.com\/wp-content\/uploads\/2025\/09\/MELISSA-F1-WM-20160.jpeg\" \/>\n\t<meta property=\"og:image:width\" content=\"360\" \/>\n\t<meta property=\"og:image:height\" content=\"288\" \/>\n\t<meta property=\"og:image:type\" content=\"image\/jpeg\" \/>\n<meta name=\"twitter:card\" content=\"summary_large_image\" \/>\n<meta name=\"twitter:label1\" content=\"Tiempo de lectura\" \/>\n\t<meta name=\"twitter:data1\" content=\"1 minuto\" \/>\n<script type=\"application\/ld+json\" class=\"yoast-schema-graph\">{\"@context\":\"https:\\\/\\\/schema.org\",\"@graph\":[{\"@type\":\"WebPage\",\"@id\":\"https:\\\/\\\/esasem.com\\\/es\\\/sementi-per-orto-professionali\\\/melissa-f1-wm-20160\\\/\",\"url\":\"https:\\\/\\\/esasem.com\\\/es\\\/sementi-per-orto-professionali\\\/melissa-f1-wm-20160\\\/\",\"name\":\"Semi di Sand\u00eda con Melissa F1 (WM 20160) - Sementi Melissa F1 (WM 20160)\",\"isPartOf\":{\"@id\":\"https:\\\/\\\/esasem.com\\\/es\\\/#website\"},\"primaryImageOfPage\":{\"@id\":\"https:\\\/\\\/esasem.com\\\/es\\\/sementi-per-orto-professionali\\\/melissa-f1-wm-20160\\\/#primaryimage\"},\"image\":{\"@id\":\"https:\\\/\\\/esasem.com\\\/es\\\/sementi-per-orto-professionali\\\/melissa-f1-wm-20160\\\/#primaryimage\"},\"thumbnailUrl\":\"https:\\\/\\\/esasem.com\\\/wp-content\\\/uploads\\\/2025\\\/09\\\/MELISSA-F1-WM-20160.jpeg\",\"datePublished\":\"2025-09-29T09:53:09+00:00\",\"breadcrumb\":{\"@id\":\"https:\\\/\\\/esasem.com\\\/es\\\/sementi-per-orto-professionali\\\/melissa-f1-wm-20160\\\/#breadcrumb\"},\"inLanguage\":\"es\",\"potentialAction\":[{\"@type\":\"ReadAction\",\"target\":[\"https:\\\/\\\/esasem.com\\\/es\\\/sementi-per-orto-professionali\\\/melissa-f1-wm-20160\\\/\"]}]},{\"@type\":\"ImageObject\",\"inLanguage\":\"es\",\"@id\":\"https:\\\/\\\/esasem.com\\\/es\\\/sementi-per-orto-professionali\\\/melissa-f1-wm-20160\\\/#primaryimage\",\"url\":\"https:\\\/\\\/esasem.com\\\/wp-content\\\/uploads\\\/2025\\\/09\\\/MELISSA-F1-WM-20160.jpeg\",\"contentUrl\":\"https:\\\/\\\/esasem.com\\\/wp-content\\\/uploads\\\/2025\\\/09\\\/MELISSA-F1-WM-20160.jpeg\",\"width\":360,\"height\":288},{\"@type\":\"BreadcrumbList\",\"@id\":\"https:\\\/\\\/esasem.com\\\/es\\\/sementi-per-orto-professionali\\\/melissa-f1-wm-20160\\\/#breadcrumb\",\"itemListElement\":[{\"@type\":\"ListItem\",\"position\":1,\"name\":\"Home\",\"item\":\"https:\\\/\\\/esasem.com\\\/es\\\/\"},{\"@type\":\"ListItem\",\"position\":2,\"name\":\"semillas horticolas profesionales\",\"item\":\"https:\\\/\\\/esasem.com\\\/es\\\/semillas-horticolas-profesionales\\\/\"},{\"@type\":\"ListItem\",\"position\":3,\"name\":\"Melissa F1 (WM 20160)\"}]},{\"@type\":\"WebSite\",\"@id\":\"https:\\\/\\\/esasem.com\\\/es\\\/#website\",\"url\":\"https:\\\/\\\/esasem.com\\\/es\\\/\",\"name\":\"Esasem\",\"description\":\"\",\"publisher\":{\"@id\":\"https:\\\/\\\/esasem.com\\\/es\\\/#organization\"},\"potentialAction\":[{\"@type\":\"SearchAction\",\"target\":{\"@type\":\"EntryPoint\",\"urlTemplate\":\"https:\\\/\\\/esasem.com\\\/es\\\/?s={search_term_string}\"},\"query-input\":{\"@type\":\"PropertyValueSpecification\",\"valueRequired\":true,\"valueName\":\"search_term_string\"}}],\"inLanguage\":\"es\"},{\"@type\":\"Organization\",\"@id\":\"https:\\\/\\\/esasem.com\\\/es\\\/#organization\",\"name\":\"Esasem\",\"url\":\"https:\\\/\\\/esasem.com\\\/es\\\/\",\"logo\":{\"@type\":\"ImageObject\",\"inLanguage\":\"es\",\"@id\":\"https:\\\/\\\/esasem.com\\\/es\\\/#\\\/schema\\\/logo\\\/image\\\/\",\"url\":\"https:\\\/\\\/esasem.com\\\/wp-content\\\/uploads\\\/2025\\\/09\\\/logo-esasem-horiz_web.png\",\"contentUrl\":\"https:\\\/\\\/esasem.com\\\/wp-content\\\/uploads\\\/2025\\\/09\\\/logo-esasem-horiz_web.png\",\"width\":412,\"height\":100,\"caption\":\"Esasem\"},\"image\":{\"@id\":\"https:\\\/\\\/esasem.com\\\/es\\\/#\\\/schema\\\/logo\\\/image\\\/\"}}]}<\/script>\n<!-- \/ Yoast SEO plugin. -->","yoast_head_json":{"title":"Semi di Sand\u00eda con Melissa F1 (WM 20160) - Sementi Melissa F1 (WM 20160)","robots":{"index":"index","follow":"follow","max-snippet":"max-snippet:-1","max-image-preview":"max-image-preview:large","max-video-preview":"max-video-preview:-1"},"canonical":"https:\/\/esasem.com\/es\/sementi-per-orto-professionali\/melissa-f1-wm-20160\/","og_locale":"es_ES","og_type":"article","og_title":"Semi di Sand\u00eda con Melissa F1 (WM 20160) - Sementi Melissa F1 (WM 20160)","og_description":"Resistencias: HR: Fon:1","og_url":"https:\/\/esasem.com\/es\/sementi-per-orto-professionali\/melissa-f1-wm-20160\/","og_site_name":"Esasem","og_image":[{"width":360,"height":288,"url":"https:\/\/esasem.com\/wp-content\/uploads\/2025\/09\/MELISSA-F1-WM-20160.jpeg","type":"image\/jpeg"}],"twitter_card":"summary_large_image","twitter_misc":{"Tiempo de lectura":"1 minuto"},"schema":{"@context":"https:\/\/schema.org","@graph":[{"@type":"WebPage","@id":"https:\/\/esasem.com\/es\/sementi-per-orto-professionali\/melissa-f1-wm-20160\/","url":"https:\/\/esasem.com\/es\/sementi-per-orto-professionali\/melissa-f1-wm-20160\/","name":"Semi di Sand\u00eda con Melissa F1 (WM 20160) - Sementi Melissa F1 (WM 20160)","isPartOf":{"@id":"https:\/\/esasem.com\/es\/#website"},"primaryImageOfPage":{"@id":"https:\/\/esasem.com\/es\/sementi-per-orto-professionali\/melissa-f1-wm-20160\/#primaryimage"},"image":{"@id":"https:\/\/esasem.com\/es\/sementi-per-orto-professionali\/melissa-f1-wm-20160\/#primaryimage"},"thumbnailUrl":"https:\/\/esasem.com\/wp-content\/uploads\/2025\/09\/MELISSA-F1-WM-20160.jpeg","datePublished":"2025-09-29T09:53:09+00:00","breadcrumb":{"@id":"https:\/\/esasem.com\/es\/sementi-per-orto-professionali\/melissa-f1-wm-20160\/#breadcrumb"},"inLanguage":"es","potentialAction":[{"@type":"ReadAction","target":["https:\/\/esasem.com\/es\/sementi-per-orto-professionali\/melissa-f1-wm-20160\/"]}]},{"@type":"ImageObject","inLanguage":"es","@id":"https:\/\/esasem.com\/es\/sementi-per-orto-professionali\/melissa-f1-wm-20160\/#primaryimage","url":"https:\/\/esasem.com\/wp-content\/uploads\/2025\/09\/MELISSA-F1-WM-20160.jpeg","contentUrl":"https:\/\/esasem.com\/wp-content\/uploads\/2025\/09\/MELISSA-F1-WM-20160.jpeg","width":360,"height":288},{"@type":"BreadcrumbList","@id":"https:\/\/esasem.com\/es\/sementi-per-orto-professionali\/melissa-f1-wm-20160\/#breadcrumb","itemListElement":[{"@type":"ListItem","position":1,"name":"Home","item":"https:\/\/esasem.com\/es\/"},{"@type":"ListItem","position":2,"name":"semillas horticolas profesionales","item":"https:\/\/esasem.com\/es\/semillas-horticolas-profesionales\/"},{"@type":"ListItem","position":3,"name":"Melissa F1 (WM 20160)"}]},{"@type":"WebSite","@id":"https:\/\/esasem.com\/es\/#website","url":"https:\/\/esasem.com\/es\/","name":"Esasem","description":"","publisher":{"@id":"https:\/\/esasem.com\/es\/#organization"},"potentialAction":[{"@type":"SearchAction","target":{"@type":"EntryPoint","urlTemplate":"https:\/\/esasem.com\/es\/?s={search_term_string}"},"query-input":{"@type":"PropertyValueSpecification","valueRequired":true,"valueName":"search_term_string"}}],"inLanguage":"es"},{"@type":"Organization","@id":"https:\/\/esasem.com\/es\/#organization","name":"Esasem","url":"https:\/\/esasem.com\/es\/","logo":{"@type":"ImageObject","inLanguage":"es","@id":"https:\/\/esasem.com\/es\/#\/schema\/logo\/image\/","url":"https:\/\/esasem.com\/wp-content\/uploads\/2025\/09\/logo-esasem-horiz_web.png","contentUrl":"https:\/\/esasem.com\/wp-content\/uploads\/2025\/09\/logo-esasem-horiz_web.png","width":412,"height":100,"caption":"Esasem"},"image":{"@id":"https:\/\/esasem.com\/es\/#\/schema\/logo\/image\/"}}]}},"_links":{"self":[{"href":"https:\/\/esasem.com\/es\/wp-json\/wp\/v2\/product\/3601","targetHints":{"allow":["GET"]}}],"collection":[{"href":"https:\/\/esasem.com\/es\/wp-json\/wp\/v2\/product"}],"about":[{"href":"https:\/\/esasem.com\/es\/wp-json\/wp\/v2\/types\/product"}],"replies":[{"embeddable":true,"href":"https:\/\/esasem.com\/es\/wp-json\/wp\/v2\/comments?post=3601"}],"wp:featuredmedia":[{"embeddable":true,"href":"https:\/\/esasem.com\/es\/wp-json\/wp\/v2\/media\/3602"}],"wp:attachment":[{"href":"https:\/\/esasem.com\/es\/wp-json\/wp\/v2\/media?parent=3601"}],"wp:term":[{"taxonomy":"product_brand","embeddable":true,"href":"https:\/\/esasem.com\/es\/wp-json\/wp\/v2\/product_brand?post=3601"},{"taxonomy":"product_cat","embeddable":true,"href":"https:\/\/esasem.com\/es\/wp-json\/wp\/v2\/product_cat?post=3601"},{"taxonomy":"product_tag","embeddable":true,"href":"https:\/\/esasem.com\/es\/wp-json\/wp\/v2\/product_tag?post=3601"}],"curies":[{"name":"wp","href":"https:\/\/api.w.org\/{rel}","templated":true}]}}