{"id":3591,"date":"2025-09-29T10:58:33","date_gmt":"2025-09-29T08:58:33","guid":{"rendered":"https:\/\/www.esasem.piuinternet.it\/prodotti\/sin categor\u00eda\/modellino-f1\/"},"modified":"2025-09-29T10:58:33","modified_gmt":"2025-09-29T08:58:33","slug":"modellino-f1","status":"publish","type":"product","link":"https:\/\/esasem.com\/es\/sementi-per-orto-professionali\/modellino-f1\/","title":{"rendered":"Modellino F1"},"content":{"rendered":"<p><strong>H\u00edbrido del tipo \u201cmini\u201d con tama\u00f1o uniforme de unos 2,5 kg<\/strong>. El fruto es <strong>redondo<\/strong>, de piel verde brillante con estr\u00edas marcadas y tiene una excelente tolerancia al rajado. <strong>Pulpa crujiente, de color rojo intenso, particularmente jugosa y con alto grado Brix<\/strong>. Las semillas son peque\u00f1as y pocas en n\u00famero. La planta vigorosa tiene un ciclo muy temprano y se puede cultivar en invernaderos para cultivo precoz, pero tambi\u00e9n en t\u00faneles y en campo abierto. Gracias al cuajado alto, asegura producciones abundantes con plantaciones de 6.000 a 8.000 plantas por hect\u00e1rea.<\/p>\n","protected":false},"excerpt":{"rendered":"<p>H\u00edbrido del tipo \u201cmini\u201d con tama\u00f1o uniforme de unos 2,5 kg. El fruto es redondo, de piel verde brillante con estr\u00edas marcadas y tiene una excelente tolerancia al rajado. Pulpa crujiente, de color rojo intenso, particularmente jugosa y con alto grado Brix. Las semillas son peque\u00f1as y pocas en n\u00famero. La planta vigorosa tiene un [&hellip;]<\/p>\n","protected":false},"featured_media":3592,"comment_status":"open","ping_status":"closed","template":"","meta":{"_acf_changed":false},"product_brand":[],"product_cat":[224],"product_tag":[225],"class_list":{"0":"post-3591","1":"product","2":"type-product","3":"status-publish","4":"has-post-thumbnail","6":"product_cat-sandia","7":"product_tag-sandia-mini","9":"first","10":"instock","11":"shipping-taxable","12":"product-type-simple"},"acf":[],"yoast_head":"<!-- This site is optimized with the Yoast SEO plugin v27.3 - https:\/\/yoast.com\/product\/yoast-seo-wordpress\/ -->\n<title>Semi di Sand\u00eda con Modellino F1 - Sementi Modellino F1<\/title>\n<meta name=\"robots\" content=\"index, follow, max-snippet:-1, max-image-preview:large, max-video-preview:-1\" \/>\n<link rel=\"canonical\" href=\"https:\/\/esasem.com\/es\/sementi-per-orto-professionali\/modellino-f1\/\" \/>\n<meta property=\"og:locale\" content=\"es_ES\" \/>\n<meta property=\"og:type\" content=\"article\" \/>\n<meta property=\"og:title\" content=\"Semi di Sand\u00eda con Modellino F1 - Sementi Modellino F1\" \/>\n<meta property=\"og:description\" content=\"H\u00edbrido del tipo \u201cmini\u201d con tama\u00f1o uniforme de unos 2,5 kg. El fruto es redondo, de piel verde brillante con estr\u00edas marcadas y tiene una excelente tolerancia al rajado. Pulpa crujiente, de color rojo intenso, particularmente jugosa y con alto grado Brix. Las semillas son peque\u00f1as y pocas en n\u00famero. La planta vigorosa tiene un [&hellip;]\" \/>\n<meta property=\"og:url\" content=\"https:\/\/esasem.com\/es\/sementi-per-orto-professionali\/modellino-f1\/\" \/>\n<meta property=\"og:site_name\" content=\"Esasem\" \/>\n<meta property=\"og:image\" content=\"https:\/\/esasem.com\/wp-content\/uploads\/2025\/09\/MODELLINO-F1.jpeg\" \/>\n\t<meta property=\"og:image:width\" content=\"584\" \/>\n\t<meta property=\"og:image:height\" content=\"438\" \/>\n\t<meta property=\"og:image:type\" content=\"image\/jpeg\" \/>\n<meta name=\"twitter:card\" content=\"summary_large_image\" \/>\n<script type=\"application\/ld+json\" class=\"yoast-schema-graph\">{\"@context\":\"https:\\\/\\\/schema.org\",\"@graph\":[{\"@type\":\"WebPage\",\"@id\":\"https:\\\/\\\/esasem.com\\\/es\\\/sementi-per-orto-professionali\\\/modellino-f1\\\/\",\"url\":\"https:\\\/\\\/esasem.com\\\/es\\\/sementi-per-orto-professionali\\\/modellino-f1\\\/\",\"name\":\"Semi di Sand\u00eda con Modellino F1 - Sementi Modellino F1\",\"isPartOf\":{\"@id\":\"https:\\\/\\\/esasem.com\\\/es\\\/#website\"},\"primaryImageOfPage\":{\"@id\":\"https:\\\/\\\/esasem.com\\\/es\\\/sementi-per-orto-professionali\\\/modellino-f1\\\/#primaryimage\"},\"image\":{\"@id\":\"https:\\\/\\\/esasem.com\\\/es\\\/sementi-per-orto-professionali\\\/modellino-f1\\\/#primaryimage\"},\"thumbnailUrl\":\"https:\\\/\\\/esasem.com\\\/wp-content\\\/uploads\\\/2025\\\/09\\\/MODELLINO-F1.jpeg\",\"datePublished\":\"2025-09-29T08:58:33+00:00\",\"breadcrumb\":{\"@id\":\"https:\\\/\\\/esasem.com\\\/es\\\/sementi-per-orto-professionali\\\/modellino-f1\\\/#breadcrumb\"},\"inLanguage\":\"es\",\"potentialAction\":[{\"@type\":\"ReadAction\",\"target\":[\"https:\\\/\\\/esasem.com\\\/es\\\/sementi-per-orto-professionali\\\/modellino-f1\\\/\"]}]},{\"@type\":\"ImageObject\",\"inLanguage\":\"es\",\"@id\":\"https:\\\/\\\/esasem.com\\\/es\\\/sementi-per-orto-professionali\\\/modellino-f1\\\/#primaryimage\",\"url\":\"https:\\\/\\\/esasem.com\\\/wp-content\\\/uploads\\\/2025\\\/09\\\/MODELLINO-F1.jpeg\",\"contentUrl\":\"https:\\\/\\\/esasem.com\\\/wp-content\\\/uploads\\\/2025\\\/09\\\/MODELLINO-F1.jpeg\",\"width\":584,\"height\":438},{\"@type\":\"BreadcrumbList\",\"@id\":\"https:\\\/\\\/esasem.com\\\/es\\\/sementi-per-orto-professionali\\\/modellino-f1\\\/#breadcrumb\",\"itemListElement\":[{\"@type\":\"ListItem\",\"position\":1,\"name\":\"Home\",\"item\":\"https:\\\/\\\/esasem.com\\\/es\\\/\"},{\"@type\":\"ListItem\",\"position\":2,\"name\":\"semillas horticolas profesionales\",\"item\":\"https:\\\/\\\/esasem.com\\\/es\\\/semillas-horticolas-profesionales\\\/\"},{\"@type\":\"ListItem\",\"position\":3,\"name\":\"Modellino F1\"}]},{\"@type\":\"WebSite\",\"@id\":\"https:\\\/\\\/esasem.com\\\/es\\\/#website\",\"url\":\"https:\\\/\\\/esasem.com\\\/es\\\/\",\"name\":\"Esasem\",\"description\":\"\",\"publisher\":{\"@id\":\"https:\\\/\\\/esasem.com\\\/es\\\/#organization\"},\"potentialAction\":[{\"@type\":\"SearchAction\",\"target\":{\"@type\":\"EntryPoint\",\"urlTemplate\":\"https:\\\/\\\/esasem.com\\\/es\\\/?s={search_term_string}\"},\"query-input\":{\"@type\":\"PropertyValueSpecification\",\"valueRequired\":true,\"valueName\":\"search_term_string\"}}],\"inLanguage\":\"es\"},{\"@type\":\"Organization\",\"@id\":\"https:\\\/\\\/esasem.com\\\/es\\\/#organization\",\"name\":\"Esasem\",\"url\":\"https:\\\/\\\/esasem.com\\\/es\\\/\",\"logo\":{\"@type\":\"ImageObject\",\"inLanguage\":\"es\",\"@id\":\"https:\\\/\\\/esasem.com\\\/es\\\/#\\\/schema\\\/logo\\\/image\\\/\",\"url\":\"https:\\\/\\\/esasem.com\\\/wp-content\\\/uploads\\\/2025\\\/09\\\/logo-esasem-horiz_web.png\",\"contentUrl\":\"https:\\\/\\\/esasem.com\\\/wp-content\\\/uploads\\\/2025\\\/09\\\/logo-esasem-horiz_web.png\",\"width\":412,\"height\":100,\"caption\":\"Esasem\"},\"image\":{\"@id\":\"https:\\\/\\\/esasem.com\\\/es\\\/#\\\/schema\\\/logo\\\/image\\\/\"}}]}<\/script>\n<!-- \/ Yoast SEO plugin. -->","yoast_head_json":{"title":"Semi di Sand\u00eda con Modellino F1 - Sementi Modellino F1","robots":{"index":"index","follow":"follow","max-snippet":"max-snippet:-1","max-image-preview":"max-image-preview:large","max-video-preview":"max-video-preview:-1"},"canonical":"https:\/\/esasem.com\/es\/sementi-per-orto-professionali\/modellino-f1\/","og_locale":"es_ES","og_type":"article","og_title":"Semi di Sand\u00eda con Modellino F1 - Sementi Modellino F1","og_description":"H\u00edbrido del tipo \u201cmini\u201d con tama\u00f1o uniforme de unos 2,5 kg. El fruto es redondo, de piel verde brillante con estr\u00edas marcadas y tiene una excelente tolerancia al rajado. Pulpa crujiente, de color rojo intenso, particularmente jugosa y con alto grado Brix. Las semillas son peque\u00f1as y pocas en n\u00famero. La planta vigorosa tiene un [&hellip;]","og_url":"https:\/\/esasem.com\/es\/sementi-per-orto-professionali\/modellino-f1\/","og_site_name":"Esasem","og_image":[{"width":584,"height":438,"url":"https:\/\/esasem.com\/wp-content\/uploads\/2025\/09\/MODELLINO-F1.jpeg","type":"image\/jpeg"}],"twitter_card":"summary_large_image","schema":{"@context":"https:\/\/schema.org","@graph":[{"@type":"WebPage","@id":"https:\/\/esasem.com\/es\/sementi-per-orto-professionali\/modellino-f1\/","url":"https:\/\/esasem.com\/es\/sementi-per-orto-professionali\/modellino-f1\/","name":"Semi di Sand\u00eda con Modellino F1 - Sementi Modellino F1","isPartOf":{"@id":"https:\/\/esasem.com\/es\/#website"},"primaryImageOfPage":{"@id":"https:\/\/esasem.com\/es\/sementi-per-orto-professionali\/modellino-f1\/#primaryimage"},"image":{"@id":"https:\/\/esasem.com\/es\/sementi-per-orto-professionali\/modellino-f1\/#primaryimage"},"thumbnailUrl":"https:\/\/esasem.com\/wp-content\/uploads\/2025\/09\/MODELLINO-F1.jpeg","datePublished":"2025-09-29T08:58:33+00:00","breadcrumb":{"@id":"https:\/\/esasem.com\/es\/sementi-per-orto-professionali\/modellino-f1\/#breadcrumb"},"inLanguage":"es","potentialAction":[{"@type":"ReadAction","target":["https:\/\/esasem.com\/es\/sementi-per-orto-professionali\/modellino-f1\/"]}]},{"@type":"ImageObject","inLanguage":"es","@id":"https:\/\/esasem.com\/es\/sementi-per-orto-professionali\/modellino-f1\/#primaryimage","url":"https:\/\/esasem.com\/wp-content\/uploads\/2025\/09\/MODELLINO-F1.jpeg","contentUrl":"https:\/\/esasem.com\/wp-content\/uploads\/2025\/09\/MODELLINO-F1.jpeg","width":584,"height":438},{"@type":"BreadcrumbList","@id":"https:\/\/esasem.com\/es\/sementi-per-orto-professionali\/modellino-f1\/#breadcrumb","itemListElement":[{"@type":"ListItem","position":1,"name":"Home","item":"https:\/\/esasem.com\/es\/"},{"@type":"ListItem","position":2,"name":"semillas horticolas profesionales","item":"https:\/\/esasem.com\/es\/semillas-horticolas-profesionales\/"},{"@type":"ListItem","position":3,"name":"Modellino F1"}]},{"@type":"WebSite","@id":"https:\/\/esasem.com\/es\/#website","url":"https:\/\/esasem.com\/es\/","name":"Esasem","description":"","publisher":{"@id":"https:\/\/esasem.com\/es\/#organization"},"potentialAction":[{"@type":"SearchAction","target":{"@type":"EntryPoint","urlTemplate":"https:\/\/esasem.com\/es\/?s={search_term_string}"},"query-input":{"@type":"PropertyValueSpecification","valueRequired":true,"valueName":"search_term_string"}}],"inLanguage":"es"},{"@type":"Organization","@id":"https:\/\/esasem.com\/es\/#organization","name":"Esasem","url":"https:\/\/esasem.com\/es\/","logo":{"@type":"ImageObject","inLanguage":"es","@id":"https:\/\/esasem.com\/es\/#\/schema\/logo\/image\/","url":"https:\/\/esasem.com\/wp-content\/uploads\/2025\/09\/logo-esasem-horiz_web.png","contentUrl":"https:\/\/esasem.com\/wp-content\/uploads\/2025\/09\/logo-esasem-horiz_web.png","width":412,"height":100,"caption":"Esasem"},"image":{"@id":"https:\/\/esasem.com\/es\/#\/schema\/logo\/image\/"}}]}},"_links":{"self":[{"href":"https:\/\/esasem.com\/es\/wp-json\/wp\/v2\/product\/3591","targetHints":{"allow":["GET"]}}],"collection":[{"href":"https:\/\/esasem.com\/es\/wp-json\/wp\/v2\/product"}],"about":[{"href":"https:\/\/esasem.com\/es\/wp-json\/wp\/v2\/types\/product"}],"replies":[{"embeddable":true,"href":"https:\/\/esasem.com\/es\/wp-json\/wp\/v2\/comments?post=3591"}],"wp:featuredmedia":[{"embeddable":true,"href":"https:\/\/esasem.com\/es\/wp-json\/wp\/v2\/media\/3592"}],"wp:attachment":[{"href":"https:\/\/esasem.com\/es\/wp-json\/wp\/v2\/media?parent=3591"}],"wp:term":[{"taxonomy":"product_brand","embeddable":true,"href":"https:\/\/esasem.com\/es\/wp-json\/wp\/v2\/product_brand?post=3591"},{"taxonomy":"product_cat","embeddable":true,"href":"https:\/\/esasem.com\/es\/wp-json\/wp\/v2\/product_cat?post=3591"},{"taxonomy":"product_tag","embeddable":true,"href":"https:\/\/esasem.com\/es\/wp-json\/wp\/v2\/product_tag?post=3591"}],"curies":[{"name":"wp","href":"https:\/\/api.w.org\/{rel}","templated":true}]}}