{"id":3574,"date":"2025-12-24T17:09:22","date_gmt":"2025-12-24T16:09:22","guid":{"rendered":"https:\/\/www.esasem.piuinternet.it\/prodotti\/sin categor\u00eda\/flumeri\/"},"modified":"2025-12-24T17:09:22","modified_gmt":"2025-12-24T16:09:22","slug":"flumeri","status":"publish","type":"product","link":"https:\/\/esasem.com\/es\/sementi-per-orto-professionali\/flumeri\/","title":{"rendered":"Flumeri"},"content":{"rendered":"<p>La selecci\u00f3n se caracteriza por la excepcional uniformidad del fruto y la excelente conservaci\u00f3n postcosecha. <strong>Fruto del tipo \u201ctopepo\u201d, de color rojo en su madurez, de forma redondeadaaplanada de tama\u00f1o uniforme, di\u00e1metro de 6-8 cm<\/strong>. Carne muy gruesa con pared lisa. \u00d3ptimo para la conservaci\u00f3n en vinagre. Planta compacta con excelente cobertura foliar que asegura una adecuada protecci\u00f3n al fruto de posibles quemaduras. Facilidad de cuajado incluso a altas temperaturas, garantiza una producci\u00f3n alta y continua durante todo el ciclo. Adecuado para cultivo en pleno campo y cultivo de primavera protegido.<\/p>\n","protected":false},"excerpt":{"rendered":"<p>La selecci\u00f3n se caracteriza por la excepcional uniformidad del fruto y la excelente conservaci\u00f3n postcosecha. Fruto del tipo \u201ctopepo\u201d, de color rojo en su madurez, de forma redondeadaaplanada de tama\u00f1o uniforme, di\u00e1metro de 6-8 cm. Carne muy gruesa con pared lisa. \u00d3ptimo para la conservaci\u00f3n en vinagre. Planta compacta con excelente cobertura foliar que asegura [&hellip;]<\/p>\n","protected":false},"featured_media":3575,"comment_status":"open","ping_status":"closed","template":"","meta":{"_acf_changed":false},"product_brand":[],"product_cat":[223,214],"product_tag":[],"class_list":{"0":"post-3574","1":"product","2":"type-product","3":"status-publish","4":"has-post-thumbnail","6":"product_cat-standard","7":"product_cat-pimiento","9":"first","10":"instock","11":"shipping-taxable","12":"product-type-simple"},"acf":[],"yoast_head":"<!-- This site is optimized with the Yoast SEO plugin v27.3 - https:\/\/yoast.com\/product\/yoast-seo-wordpress\/ -->\n<title>Semi di Standard, Pimiento con Flumeri - Sementi Flumeri<\/title>\n<meta name=\"robots\" content=\"index, follow, max-snippet:-1, max-image-preview:large, max-video-preview:-1\" \/>\n<link rel=\"canonical\" href=\"https:\/\/esasem.com\/es\/sementi-per-orto-professionali\/flumeri\/\" \/>\n<meta property=\"og:locale\" content=\"es_ES\" \/>\n<meta property=\"og:type\" content=\"article\" \/>\n<meta property=\"og:title\" content=\"Semi di Standard, Pimiento con Flumeri - Sementi Flumeri\" \/>\n<meta property=\"og:description\" content=\"La selecci\u00f3n se caracteriza por la excepcional uniformidad del fruto y la excelente conservaci\u00f3n postcosecha. Fruto del tipo \u201ctopepo\u201d, de color rojo en su madurez, de forma redondeadaaplanada de tama\u00f1o uniforme, di\u00e1metro de 6-8 cm. Carne muy gruesa con pared lisa. \u00d3ptimo para la conservaci\u00f3n en vinagre. Planta compacta con excelente cobertura foliar que asegura [&hellip;]\" \/>\n<meta property=\"og:url\" content=\"https:\/\/esasem.com\/es\/sementi-per-orto-professionali\/flumeri\/\" \/>\n<meta property=\"og:site_name\" content=\"Esasem\" \/>\n<meta property=\"og:image\" content=\"https:\/\/esasem.com\/wp-content\/uploads\/2025\/12\/TOPEPO-ROSSO-\u2013-FLUMERI.jpg\" \/>\n\t<meta property=\"og:image:width\" content=\"569\" \/>\n\t<meta property=\"og:image:height\" content=\"412\" \/>\n\t<meta property=\"og:image:type\" content=\"image\/jpeg\" \/>\n<meta name=\"twitter:card\" content=\"summary_large_image\" \/>\n<script type=\"application\/ld+json\" class=\"yoast-schema-graph\">{\"@context\":\"https:\\\/\\\/schema.org\",\"@graph\":[{\"@type\":\"WebPage\",\"@id\":\"https:\\\/\\\/esasem.com\\\/es\\\/sementi-per-orto-professionali\\\/flumeri\\\/\",\"url\":\"https:\\\/\\\/esasem.com\\\/es\\\/sementi-per-orto-professionali\\\/flumeri\\\/\",\"name\":\"Semi di Standard, Pimiento con Flumeri - Sementi Flumeri\",\"isPartOf\":{\"@id\":\"https:\\\/\\\/esasem.com\\\/es\\\/#website\"},\"primaryImageOfPage\":{\"@id\":\"https:\\\/\\\/esasem.com\\\/es\\\/sementi-per-orto-professionali\\\/flumeri\\\/#primaryimage\"},\"image\":{\"@id\":\"https:\\\/\\\/esasem.com\\\/es\\\/sementi-per-orto-professionali\\\/flumeri\\\/#primaryimage\"},\"thumbnailUrl\":\"https:\\\/\\\/esasem.com\\\/wp-content\\\/uploads\\\/2025\\\/12\\\/TOPEPO-ROSSO-\u2013-FLUMERI.jpg\",\"datePublished\":\"2025-12-24T16:09:22+00:00\",\"breadcrumb\":{\"@id\":\"https:\\\/\\\/esasem.com\\\/es\\\/sementi-per-orto-professionali\\\/flumeri\\\/#breadcrumb\"},\"inLanguage\":\"es\",\"potentialAction\":[{\"@type\":\"ReadAction\",\"target\":[\"https:\\\/\\\/esasem.com\\\/es\\\/sementi-per-orto-professionali\\\/flumeri\\\/\"]}]},{\"@type\":\"ImageObject\",\"inLanguage\":\"es\",\"@id\":\"https:\\\/\\\/esasem.com\\\/es\\\/sementi-per-orto-professionali\\\/flumeri\\\/#primaryimage\",\"url\":\"https:\\\/\\\/esasem.com\\\/wp-content\\\/uploads\\\/2025\\\/12\\\/TOPEPO-ROSSO-\u2013-FLUMERI.jpg\",\"contentUrl\":\"https:\\\/\\\/esasem.com\\\/wp-content\\\/uploads\\\/2025\\\/12\\\/TOPEPO-ROSSO-\u2013-FLUMERI.jpg\",\"width\":569,\"height\":412},{\"@type\":\"BreadcrumbList\",\"@id\":\"https:\\\/\\\/esasem.com\\\/es\\\/sementi-per-orto-professionali\\\/flumeri\\\/#breadcrumb\",\"itemListElement\":[{\"@type\":\"ListItem\",\"position\":1,\"name\":\"Home\",\"item\":\"https:\\\/\\\/esasem.com\\\/es\\\/\"},{\"@type\":\"ListItem\",\"position\":2,\"name\":\"semillas horticolas profesionales\",\"item\":\"https:\\\/\\\/esasem.com\\\/es\\\/semillas-horticolas-profesionales\\\/\"},{\"@type\":\"ListItem\",\"position\":3,\"name\":\"Flumeri\"}]},{\"@type\":\"WebSite\",\"@id\":\"https:\\\/\\\/esasem.com\\\/es\\\/#website\",\"url\":\"https:\\\/\\\/esasem.com\\\/es\\\/\",\"name\":\"Esasem\",\"description\":\"\",\"publisher\":{\"@id\":\"https:\\\/\\\/esasem.com\\\/es\\\/#organization\"},\"potentialAction\":[{\"@type\":\"SearchAction\",\"target\":{\"@type\":\"EntryPoint\",\"urlTemplate\":\"https:\\\/\\\/esasem.com\\\/es\\\/?s={search_term_string}\"},\"query-input\":{\"@type\":\"PropertyValueSpecification\",\"valueRequired\":true,\"valueName\":\"search_term_string\"}}],\"inLanguage\":\"es\"},{\"@type\":\"Organization\",\"@id\":\"https:\\\/\\\/esasem.com\\\/es\\\/#organization\",\"name\":\"Esasem\",\"url\":\"https:\\\/\\\/esasem.com\\\/es\\\/\",\"logo\":{\"@type\":\"ImageObject\",\"inLanguage\":\"es\",\"@id\":\"https:\\\/\\\/esasem.com\\\/es\\\/#\\\/schema\\\/logo\\\/image\\\/\",\"url\":\"https:\\\/\\\/esasem.com\\\/wp-content\\\/uploads\\\/2025\\\/09\\\/logo-esasem-horiz_web.png\",\"contentUrl\":\"https:\\\/\\\/esasem.com\\\/wp-content\\\/uploads\\\/2025\\\/09\\\/logo-esasem-horiz_web.png\",\"width\":412,\"height\":100,\"caption\":\"Esasem\"},\"image\":{\"@id\":\"https:\\\/\\\/esasem.com\\\/es\\\/#\\\/schema\\\/logo\\\/image\\\/\"}}]}<\/script>\n<!-- \/ Yoast SEO plugin. -->","yoast_head_json":{"title":"Semi di Standard, Pimiento con Flumeri - Sementi Flumeri","robots":{"index":"index","follow":"follow","max-snippet":"max-snippet:-1","max-image-preview":"max-image-preview:large","max-video-preview":"max-video-preview:-1"},"canonical":"https:\/\/esasem.com\/es\/sementi-per-orto-professionali\/flumeri\/","og_locale":"es_ES","og_type":"article","og_title":"Semi di Standard, Pimiento con Flumeri - Sementi Flumeri","og_description":"La selecci\u00f3n se caracteriza por la excepcional uniformidad del fruto y la excelente conservaci\u00f3n postcosecha. Fruto del tipo \u201ctopepo\u201d, de color rojo en su madurez, de forma redondeadaaplanada de tama\u00f1o uniforme, di\u00e1metro de 6-8 cm. Carne muy gruesa con pared lisa. \u00d3ptimo para la conservaci\u00f3n en vinagre. Planta compacta con excelente cobertura foliar que asegura [&hellip;]","og_url":"https:\/\/esasem.com\/es\/sementi-per-orto-professionali\/flumeri\/","og_site_name":"Esasem","og_image":[{"width":569,"height":412,"url":"https:\/\/esasem.com\/wp-content\/uploads\/2025\/12\/TOPEPO-ROSSO-\u2013-FLUMERI.jpg","type":"image\/jpeg"}],"twitter_card":"summary_large_image","schema":{"@context":"https:\/\/schema.org","@graph":[{"@type":"WebPage","@id":"https:\/\/esasem.com\/es\/sementi-per-orto-professionali\/flumeri\/","url":"https:\/\/esasem.com\/es\/sementi-per-orto-professionali\/flumeri\/","name":"Semi di Standard, Pimiento con Flumeri - Sementi Flumeri","isPartOf":{"@id":"https:\/\/esasem.com\/es\/#website"},"primaryImageOfPage":{"@id":"https:\/\/esasem.com\/es\/sementi-per-orto-professionali\/flumeri\/#primaryimage"},"image":{"@id":"https:\/\/esasem.com\/es\/sementi-per-orto-professionali\/flumeri\/#primaryimage"},"thumbnailUrl":"https:\/\/esasem.com\/wp-content\/uploads\/2025\/12\/TOPEPO-ROSSO-\u2013-FLUMERI.jpg","datePublished":"2025-12-24T16:09:22+00:00","breadcrumb":{"@id":"https:\/\/esasem.com\/es\/sementi-per-orto-professionali\/flumeri\/#breadcrumb"},"inLanguage":"es","potentialAction":[{"@type":"ReadAction","target":["https:\/\/esasem.com\/es\/sementi-per-orto-professionali\/flumeri\/"]}]},{"@type":"ImageObject","inLanguage":"es","@id":"https:\/\/esasem.com\/es\/sementi-per-orto-professionali\/flumeri\/#primaryimage","url":"https:\/\/esasem.com\/wp-content\/uploads\/2025\/12\/TOPEPO-ROSSO-\u2013-FLUMERI.jpg","contentUrl":"https:\/\/esasem.com\/wp-content\/uploads\/2025\/12\/TOPEPO-ROSSO-\u2013-FLUMERI.jpg","width":569,"height":412},{"@type":"BreadcrumbList","@id":"https:\/\/esasem.com\/es\/sementi-per-orto-professionali\/flumeri\/#breadcrumb","itemListElement":[{"@type":"ListItem","position":1,"name":"Home","item":"https:\/\/esasem.com\/es\/"},{"@type":"ListItem","position":2,"name":"semillas horticolas profesionales","item":"https:\/\/esasem.com\/es\/semillas-horticolas-profesionales\/"},{"@type":"ListItem","position":3,"name":"Flumeri"}]},{"@type":"WebSite","@id":"https:\/\/esasem.com\/es\/#website","url":"https:\/\/esasem.com\/es\/","name":"Esasem","description":"","publisher":{"@id":"https:\/\/esasem.com\/es\/#organization"},"potentialAction":[{"@type":"SearchAction","target":{"@type":"EntryPoint","urlTemplate":"https:\/\/esasem.com\/es\/?s={search_term_string}"},"query-input":{"@type":"PropertyValueSpecification","valueRequired":true,"valueName":"search_term_string"}}],"inLanguage":"es"},{"@type":"Organization","@id":"https:\/\/esasem.com\/es\/#organization","name":"Esasem","url":"https:\/\/esasem.com\/es\/","logo":{"@type":"ImageObject","inLanguage":"es","@id":"https:\/\/esasem.com\/es\/#\/schema\/logo\/image\/","url":"https:\/\/esasem.com\/wp-content\/uploads\/2025\/09\/logo-esasem-horiz_web.png","contentUrl":"https:\/\/esasem.com\/wp-content\/uploads\/2025\/09\/logo-esasem-horiz_web.png","width":412,"height":100,"caption":"Esasem"},"image":{"@id":"https:\/\/esasem.com\/es\/#\/schema\/logo\/image\/"}}]}},"_links":{"self":[{"href":"https:\/\/esasem.com\/es\/wp-json\/wp\/v2\/product\/3574","targetHints":{"allow":["GET"]}}],"collection":[{"href":"https:\/\/esasem.com\/es\/wp-json\/wp\/v2\/product"}],"about":[{"href":"https:\/\/esasem.com\/es\/wp-json\/wp\/v2\/types\/product"}],"replies":[{"embeddable":true,"href":"https:\/\/esasem.com\/es\/wp-json\/wp\/v2\/comments?post=3574"}],"wp:featuredmedia":[{"embeddable":true,"href":"https:\/\/esasem.com\/es\/wp-json\/wp\/v2\/media\/3575"}],"wp:attachment":[{"href":"https:\/\/esasem.com\/es\/wp-json\/wp\/v2\/media?parent=3574"}],"wp:term":[{"taxonomy":"product_brand","embeddable":true,"href":"https:\/\/esasem.com\/es\/wp-json\/wp\/v2\/product_brand?post=3574"},{"taxonomy":"product_cat","embeddable":true,"href":"https:\/\/esasem.com\/es\/wp-json\/wp\/v2\/product_cat?post=3574"},{"taxonomy":"product_tag","embeddable":true,"href":"https:\/\/esasem.com\/es\/wp-json\/wp\/v2\/product_tag?post=3574"}],"curies":[{"name":"wp","href":"https:\/\/api.w.org\/{rel}","templated":true}]}}