{"id":3479,"date":"2026-03-04T14:13:24","date_gmt":"2026-03-04T13:13:24","guid":{"rendered":"https:\/\/www.esasem.piuinternet.it\/?post_type=product&#038;p=3479"},"modified":"2026-03-05T15:54:14","modified_gmt":"2026-03-05T14:54:14","slug":"avileses","status":"publish","type":"product","link":"https:\/\/esasem.com\/es\/sementi-per-orto-professionali\/avileses\/","title":{"rendered":"Avileses"},"content":{"rendered":"<p><strong>Pimiento lamuyo rojo de ciclo medio-precoz<\/strong> y planta vigorosa, caracterizado por un alto cuajado incluso en condiciones de estr\u00e9s t\u00e9rmico y una alta productividad. Apto para cultivo en ambiente protegido, con trasplantes de octubre a marzo y para ciclos de primavera. <strong>Color rojo intenso uniforme, cuadrilobulado, pared lisa y pulpa gruesa<\/strong>, lo que garantiza una larga conservaci\u00f3n de los frutos, tanto en la planta como despu\u00e9s de la cosecha. Los frutos, de gran tama\u00f1o con c\u00e1liz plano, se caracterizan por un alto peso espec\u00edfico, con un <strong>peso promedio de 500-550 g, una longitud de 16-18 cm, un hombro de 10-12 cm y un ped\u00fanculo robusto.<\/strong><\/p>\n","protected":false},"excerpt":{"rendered":"<p>Resistencias:<br \/>\nIR: TSWV:0<\/p>\n","protected":false},"featured_media":3480,"comment_status":"open","ping_status":"closed","template":"","meta":{"_acf_changed":false},"product_brand":[],"product_cat":[215,214],"product_tag":[],"class_list":{"0":"post-3479","1":"product","2":"type-product","3":"status-publish","4":"has-post-thumbnail","6":"product_cat-lamuyo","7":"product_cat-pimiento","9":"first","10":"instock","11":"shipping-taxable","12":"product-type-simple"},"acf":[],"yoast_head":"<!-- This site is optimized with the Yoast SEO plugin v27.3 - https:\/\/yoast.com\/product\/yoast-seo-wordpress\/ -->\n<title>Semi di Lamuyo, Pimiento con Avileses - Sementi Avileses<\/title>\n<meta name=\"robots\" content=\"index, follow, max-snippet:-1, max-image-preview:large, max-video-preview:-1\" \/>\n<link rel=\"canonical\" href=\"https:\/\/esasem.com\/es\/sementi-per-orto-professionali\/avileses\/\" \/>\n<meta property=\"og:locale\" content=\"es_ES\" \/>\n<meta property=\"og:type\" content=\"article\" \/>\n<meta property=\"og:title\" content=\"Semi di Lamuyo, Pimiento con Avileses - Sementi Avileses\" \/>\n<meta property=\"og:description\" content=\"Resistencias: IR: TSWV:0\" \/>\n<meta property=\"og:url\" content=\"https:\/\/esasem.com\/es\/sementi-per-orto-professionali\/avileses\/\" \/>\n<meta property=\"og:site_name\" content=\"Esasem\" \/>\n<meta property=\"article:modified_time\" content=\"2026-03-05T14:54:14+00:00\" \/>\n<meta property=\"og:image\" content=\"https:\/\/esasem.com\/wp-content\/uploads\/2026\/03\/pimento.jpeg\" \/>\n\t<meta property=\"og:image:width\" content=\"387\" \/>\n\t<meta property=\"og:image:height\" content=\"283\" \/>\n\t<meta property=\"og:image:type\" content=\"image\/jpeg\" \/>\n<meta name=\"twitter:card\" content=\"summary_large_image\" \/>\n<meta name=\"twitter:label1\" content=\"Tiempo de lectura\" \/>\n\t<meta name=\"twitter:data1\" content=\"1 minuto\" \/>\n<script type=\"application\/ld+json\" class=\"yoast-schema-graph\">{\"@context\":\"https:\\\/\\\/schema.org\",\"@graph\":[{\"@type\":\"WebPage\",\"@id\":\"https:\\\/\\\/esasem.com\\\/es\\\/sementi-per-orto-professionali\\\/avileses\\\/\",\"url\":\"https:\\\/\\\/esasem.com\\\/es\\\/sementi-per-orto-professionali\\\/avileses\\\/\",\"name\":\"Semi di Lamuyo, Pimiento con Avileses - Sementi Avileses\",\"isPartOf\":{\"@id\":\"https:\\\/\\\/esasem.com\\\/es\\\/#website\"},\"primaryImageOfPage\":{\"@id\":\"https:\\\/\\\/esasem.com\\\/es\\\/sementi-per-orto-professionali\\\/avileses\\\/#primaryimage\"},\"image\":{\"@id\":\"https:\\\/\\\/esasem.com\\\/es\\\/sementi-per-orto-professionali\\\/avileses\\\/#primaryimage\"},\"thumbnailUrl\":\"https:\\\/\\\/esasem.com\\\/wp-content\\\/uploads\\\/2026\\\/03\\\/pimento.jpeg\",\"datePublished\":\"2026-03-04T13:13:24+00:00\",\"dateModified\":\"2026-03-05T14:54:14+00:00\",\"breadcrumb\":{\"@id\":\"https:\\\/\\\/esasem.com\\\/es\\\/sementi-per-orto-professionali\\\/avileses\\\/#breadcrumb\"},\"inLanguage\":\"es\",\"potentialAction\":[{\"@type\":\"ReadAction\",\"target\":[\"https:\\\/\\\/esasem.com\\\/es\\\/sementi-per-orto-professionali\\\/avileses\\\/\"]}]},{\"@type\":\"ImageObject\",\"inLanguage\":\"es\",\"@id\":\"https:\\\/\\\/esasem.com\\\/es\\\/sementi-per-orto-professionali\\\/avileses\\\/#primaryimage\",\"url\":\"https:\\\/\\\/esasem.com\\\/wp-content\\\/uploads\\\/2026\\\/03\\\/pimento.jpeg\",\"contentUrl\":\"https:\\\/\\\/esasem.com\\\/wp-content\\\/uploads\\\/2026\\\/03\\\/pimento.jpeg\",\"width\":387,\"height\":283},{\"@type\":\"BreadcrumbList\",\"@id\":\"https:\\\/\\\/esasem.com\\\/es\\\/sementi-per-orto-professionali\\\/avileses\\\/#breadcrumb\",\"itemListElement\":[{\"@type\":\"ListItem\",\"position\":1,\"name\":\"Home\",\"item\":\"https:\\\/\\\/esasem.com\\\/es\\\/\"},{\"@type\":\"ListItem\",\"position\":2,\"name\":\"semillas horticolas profesionales\",\"item\":\"https:\\\/\\\/esasem.com\\\/es\\\/semillas-horticolas-profesionales\\\/\"},{\"@type\":\"ListItem\",\"position\":3,\"name\":\"Avileses\"}]},{\"@type\":\"WebSite\",\"@id\":\"https:\\\/\\\/esasem.com\\\/es\\\/#website\",\"url\":\"https:\\\/\\\/esasem.com\\\/es\\\/\",\"name\":\"Esasem\",\"description\":\"\",\"publisher\":{\"@id\":\"https:\\\/\\\/esasem.com\\\/es\\\/#organization\"},\"potentialAction\":[{\"@type\":\"SearchAction\",\"target\":{\"@type\":\"EntryPoint\",\"urlTemplate\":\"https:\\\/\\\/esasem.com\\\/es\\\/?s={search_term_string}\"},\"query-input\":{\"@type\":\"PropertyValueSpecification\",\"valueRequired\":true,\"valueName\":\"search_term_string\"}}],\"inLanguage\":\"es\"},{\"@type\":\"Organization\",\"@id\":\"https:\\\/\\\/esasem.com\\\/es\\\/#organization\",\"name\":\"Esasem\",\"url\":\"https:\\\/\\\/esasem.com\\\/es\\\/\",\"logo\":{\"@type\":\"ImageObject\",\"inLanguage\":\"es\",\"@id\":\"https:\\\/\\\/esasem.com\\\/es\\\/#\\\/schema\\\/logo\\\/image\\\/\",\"url\":\"https:\\\/\\\/esasem.com\\\/wp-content\\\/uploads\\\/2025\\\/09\\\/logo-esasem-horiz_web.png\",\"contentUrl\":\"https:\\\/\\\/esasem.com\\\/wp-content\\\/uploads\\\/2025\\\/09\\\/logo-esasem-horiz_web.png\",\"width\":412,\"height\":100,\"caption\":\"Esasem\"},\"image\":{\"@id\":\"https:\\\/\\\/esasem.com\\\/es\\\/#\\\/schema\\\/logo\\\/image\\\/\"}}]}<\/script>\n<!-- \/ Yoast SEO plugin. -->","yoast_head_json":{"title":"Semi di Lamuyo, Pimiento con Avileses - Sementi Avileses","robots":{"index":"index","follow":"follow","max-snippet":"max-snippet:-1","max-image-preview":"max-image-preview:large","max-video-preview":"max-video-preview:-1"},"canonical":"https:\/\/esasem.com\/es\/sementi-per-orto-professionali\/avileses\/","og_locale":"es_ES","og_type":"article","og_title":"Semi di Lamuyo, Pimiento con Avileses - Sementi Avileses","og_description":"Resistencias: IR: TSWV:0","og_url":"https:\/\/esasem.com\/es\/sementi-per-orto-professionali\/avileses\/","og_site_name":"Esasem","article_modified_time":"2026-03-05T14:54:14+00:00","og_image":[{"width":387,"height":283,"url":"https:\/\/esasem.com\/wp-content\/uploads\/2026\/03\/pimento.jpeg","type":"image\/jpeg"}],"twitter_card":"summary_large_image","twitter_misc":{"Tiempo de lectura":"1 minuto"},"schema":{"@context":"https:\/\/schema.org","@graph":[{"@type":"WebPage","@id":"https:\/\/esasem.com\/es\/sementi-per-orto-professionali\/avileses\/","url":"https:\/\/esasem.com\/es\/sementi-per-orto-professionali\/avileses\/","name":"Semi di Lamuyo, Pimiento con Avileses - Sementi Avileses","isPartOf":{"@id":"https:\/\/esasem.com\/es\/#website"},"primaryImageOfPage":{"@id":"https:\/\/esasem.com\/es\/sementi-per-orto-professionali\/avileses\/#primaryimage"},"image":{"@id":"https:\/\/esasem.com\/es\/sementi-per-orto-professionali\/avileses\/#primaryimage"},"thumbnailUrl":"https:\/\/esasem.com\/wp-content\/uploads\/2026\/03\/pimento.jpeg","datePublished":"2026-03-04T13:13:24+00:00","dateModified":"2026-03-05T14:54:14+00:00","breadcrumb":{"@id":"https:\/\/esasem.com\/es\/sementi-per-orto-professionali\/avileses\/#breadcrumb"},"inLanguage":"es","potentialAction":[{"@type":"ReadAction","target":["https:\/\/esasem.com\/es\/sementi-per-orto-professionali\/avileses\/"]}]},{"@type":"ImageObject","inLanguage":"es","@id":"https:\/\/esasem.com\/es\/sementi-per-orto-professionali\/avileses\/#primaryimage","url":"https:\/\/esasem.com\/wp-content\/uploads\/2026\/03\/pimento.jpeg","contentUrl":"https:\/\/esasem.com\/wp-content\/uploads\/2026\/03\/pimento.jpeg","width":387,"height":283},{"@type":"BreadcrumbList","@id":"https:\/\/esasem.com\/es\/sementi-per-orto-professionali\/avileses\/#breadcrumb","itemListElement":[{"@type":"ListItem","position":1,"name":"Home","item":"https:\/\/esasem.com\/es\/"},{"@type":"ListItem","position":2,"name":"semillas horticolas profesionales","item":"https:\/\/esasem.com\/es\/semillas-horticolas-profesionales\/"},{"@type":"ListItem","position":3,"name":"Avileses"}]},{"@type":"WebSite","@id":"https:\/\/esasem.com\/es\/#website","url":"https:\/\/esasem.com\/es\/","name":"Esasem","description":"","publisher":{"@id":"https:\/\/esasem.com\/es\/#organization"},"potentialAction":[{"@type":"SearchAction","target":{"@type":"EntryPoint","urlTemplate":"https:\/\/esasem.com\/es\/?s={search_term_string}"},"query-input":{"@type":"PropertyValueSpecification","valueRequired":true,"valueName":"search_term_string"}}],"inLanguage":"es"},{"@type":"Organization","@id":"https:\/\/esasem.com\/es\/#organization","name":"Esasem","url":"https:\/\/esasem.com\/es\/","logo":{"@type":"ImageObject","inLanguage":"es","@id":"https:\/\/esasem.com\/es\/#\/schema\/logo\/image\/","url":"https:\/\/esasem.com\/wp-content\/uploads\/2025\/09\/logo-esasem-horiz_web.png","contentUrl":"https:\/\/esasem.com\/wp-content\/uploads\/2025\/09\/logo-esasem-horiz_web.png","width":412,"height":100,"caption":"Esasem"},"image":{"@id":"https:\/\/esasem.com\/es\/#\/schema\/logo\/image\/"}}]}},"_links":{"self":[{"href":"https:\/\/esasem.com\/es\/wp-json\/wp\/v2\/product\/3479","targetHints":{"allow":["GET"]}}],"collection":[{"href":"https:\/\/esasem.com\/es\/wp-json\/wp\/v2\/product"}],"about":[{"href":"https:\/\/esasem.com\/es\/wp-json\/wp\/v2\/types\/product"}],"replies":[{"embeddable":true,"href":"https:\/\/esasem.com\/es\/wp-json\/wp\/v2\/comments?post=3479"}],"wp:featuredmedia":[{"embeddable":true,"href":"https:\/\/esasem.com\/es\/wp-json\/wp\/v2\/media\/3480"}],"wp:attachment":[{"href":"https:\/\/esasem.com\/es\/wp-json\/wp\/v2\/media?parent=3479"}],"wp:term":[{"taxonomy":"product_brand","embeddable":true,"href":"https:\/\/esasem.com\/es\/wp-json\/wp\/v2\/product_brand?post=3479"},{"taxonomy":"product_cat","embeddable":true,"href":"https:\/\/esasem.com\/es\/wp-json\/wp\/v2\/product_cat?post=3479"},{"taxonomy":"product_tag","embeddable":true,"href":"https:\/\/esasem.com\/es\/wp-json\/wp\/v2\/product_tag?post=3479"}],"curies":[{"name":"wp","href":"https:\/\/api.w.org\/{rel}","templated":true}]}}