{"id":3403,"date":"2026-01-12T10:58:41","date_gmt":"2026-01-12T09:58:41","guid":{"rendered":"https:\/\/www.esasem.piuinternet.it\/prodotti\/sin categor\u00eda\/giano\/"},"modified":"2026-01-12T10:58:41","modified_gmt":"2026-01-12T09:58:41","slug":"giano","status":"publish","type":"product","link":"https:\/\/esasem.com\/es\/sementi-per-orto-professionali\/giano\/","title":{"rendered":"Giano"},"content":{"rendered":"<p><strong>Variedad tipo \u201cSan Marzano\u201d<\/strong> con frutos alargados, 14 cm de largo y 4<br \/>\ncm de di\u00e1metro, con un<strong> peso de 130-150 g<\/strong>. Los frutos son de color rojo brillante cuando est\u00e1n completamente maduros, con pulpa bastante firme y buena vida \u00fatil. Alta tolerancia a la podredumbre apical. Las plantas son muy vigorosas con una fuerte cobertura de hojas y un ciclo corto. <strong>Adecuado para el cultivo de campo abierto y el cultivo protegido para la primavera y el verano<\/strong>.<\/p>\n","protected":false},"excerpt":{"rendered":"<p>Variedad tipo \u201cSan Marzano\u201d con frutos alargados, 14 cm de largo y 4 cm de di\u00e1metro, con un peso de 130-150 g. Los frutos son de color rojo brillante cuando est\u00e1n completamente maduros, con pulpa bastante firme y buena vida \u00fatil. Alta tolerancia a la podredumbre apical. Las plantas son muy vigorosas con una fuerte [&hellip;]<\/p>\n","protected":false},"featured_media":3404,"comment_status":"open","ping_status":"closed","template":"","meta":{"_acf_changed":false},"product_brand":[],"product_cat":[200],"product_tag":[],"class_list":{"0":"post-3403","1":"product","2":"type-product","3":"status-publish","4":"has-post-thumbnail","6":"product_cat-tomate-indeterminado-del-mercado-fresco","8":"first","9":"instock","10":"shipping-taxable","11":"product-type-simple"},"acf":[],"yoast_head":"<!-- This site is optimized with the Yoast SEO plugin v27.3 - https:\/\/yoast.com\/product\/yoast-seo-wordpress\/ -->\n<title>Semi di Tomate indeterminado del mercado fresco con Giano - Sementi Giano<\/title>\n<meta name=\"robots\" content=\"index, follow, max-snippet:-1, max-image-preview:large, max-video-preview:-1\" \/>\n<link rel=\"canonical\" href=\"https:\/\/esasem.com\/es\/sementi-per-orto-professionali\/giano\/\" \/>\n<meta property=\"og:locale\" content=\"es_ES\" \/>\n<meta property=\"og:type\" content=\"article\" \/>\n<meta property=\"og:title\" content=\"Semi di Tomate indeterminado del mercado fresco con Giano - Sementi Giano\" \/>\n<meta property=\"og:description\" content=\"Variedad tipo \u201cSan Marzano\u201d con frutos alargados, 14 cm de largo y 4 cm de di\u00e1metro, con un peso de 130-150 g. Los frutos son de color rojo brillante cuando est\u00e1n completamente maduros, con pulpa bastante firme y buena vida \u00fatil. Alta tolerancia a la podredumbre apical. Las plantas son muy vigorosas con una fuerte [&hellip;]\" \/>\n<meta property=\"og:url\" content=\"https:\/\/esasem.com\/es\/sementi-per-orto-professionali\/giano\/\" \/>\n<meta property=\"og:site_name\" content=\"Esasem\" \/>\n<meta property=\"og:image\" content=\"https:\/\/esasem.com\/wp-content\/uploads\/2026\/01\/GIANO-F.1-POMODORO.jpg\" \/>\n\t<meta property=\"og:image:width\" content=\"960\" \/>\n\t<meta property=\"og:image:height\" content=\"720\" \/>\n\t<meta property=\"og:image:type\" content=\"image\/jpeg\" \/>\n<meta name=\"twitter:card\" content=\"summary_large_image\" \/>\n<script type=\"application\/ld+json\" class=\"yoast-schema-graph\">{\"@context\":\"https:\\\/\\\/schema.org\",\"@graph\":[{\"@type\":\"WebPage\",\"@id\":\"https:\\\/\\\/esasem.com\\\/es\\\/sementi-per-orto-professionali\\\/giano\\\/\",\"url\":\"https:\\\/\\\/esasem.com\\\/es\\\/sementi-per-orto-professionali\\\/giano\\\/\",\"name\":\"Semi di Tomate indeterminado del mercado fresco con Giano - Sementi Giano\",\"isPartOf\":{\"@id\":\"https:\\\/\\\/esasem.com\\\/es\\\/#website\"},\"primaryImageOfPage\":{\"@id\":\"https:\\\/\\\/esasem.com\\\/es\\\/sementi-per-orto-professionali\\\/giano\\\/#primaryimage\"},\"image\":{\"@id\":\"https:\\\/\\\/esasem.com\\\/es\\\/sementi-per-orto-professionali\\\/giano\\\/#primaryimage\"},\"thumbnailUrl\":\"https:\\\/\\\/esasem.com\\\/wp-content\\\/uploads\\\/2026\\\/01\\\/GIANO-F.1-POMODORO.jpg\",\"datePublished\":\"2026-01-12T09:58:41+00:00\",\"breadcrumb\":{\"@id\":\"https:\\\/\\\/esasem.com\\\/es\\\/sementi-per-orto-professionali\\\/giano\\\/#breadcrumb\"},\"inLanguage\":\"es\",\"potentialAction\":[{\"@type\":\"ReadAction\",\"target\":[\"https:\\\/\\\/esasem.com\\\/es\\\/sementi-per-orto-professionali\\\/giano\\\/\"]}]},{\"@type\":\"ImageObject\",\"inLanguage\":\"es\",\"@id\":\"https:\\\/\\\/esasem.com\\\/es\\\/sementi-per-orto-professionali\\\/giano\\\/#primaryimage\",\"url\":\"https:\\\/\\\/esasem.com\\\/wp-content\\\/uploads\\\/2026\\\/01\\\/GIANO-F.1-POMODORO.jpg\",\"contentUrl\":\"https:\\\/\\\/esasem.com\\\/wp-content\\\/uploads\\\/2026\\\/01\\\/GIANO-F.1-POMODORO.jpg\",\"width\":960,\"height\":720},{\"@type\":\"BreadcrumbList\",\"@id\":\"https:\\\/\\\/esasem.com\\\/es\\\/sementi-per-orto-professionali\\\/giano\\\/#breadcrumb\",\"itemListElement\":[{\"@type\":\"ListItem\",\"position\":1,\"name\":\"Home\",\"item\":\"https:\\\/\\\/esasem.com\\\/es\\\/\"},{\"@type\":\"ListItem\",\"position\":2,\"name\":\"semillas horticolas profesionales\",\"item\":\"https:\\\/\\\/esasem.com\\\/es\\\/semillas-horticolas-profesionales\\\/\"},{\"@type\":\"ListItem\",\"position\":3,\"name\":\"Giano\"}]},{\"@type\":\"WebSite\",\"@id\":\"https:\\\/\\\/esasem.com\\\/es\\\/#website\",\"url\":\"https:\\\/\\\/esasem.com\\\/es\\\/\",\"name\":\"Esasem\",\"description\":\"\",\"publisher\":{\"@id\":\"https:\\\/\\\/esasem.com\\\/es\\\/#organization\"},\"potentialAction\":[{\"@type\":\"SearchAction\",\"target\":{\"@type\":\"EntryPoint\",\"urlTemplate\":\"https:\\\/\\\/esasem.com\\\/es\\\/?s={search_term_string}\"},\"query-input\":{\"@type\":\"PropertyValueSpecification\",\"valueRequired\":true,\"valueName\":\"search_term_string\"}}],\"inLanguage\":\"es\"},{\"@type\":\"Organization\",\"@id\":\"https:\\\/\\\/esasem.com\\\/es\\\/#organization\",\"name\":\"Esasem\",\"url\":\"https:\\\/\\\/esasem.com\\\/es\\\/\",\"logo\":{\"@type\":\"ImageObject\",\"inLanguage\":\"es\",\"@id\":\"https:\\\/\\\/esasem.com\\\/es\\\/#\\\/schema\\\/logo\\\/image\\\/\",\"url\":\"https:\\\/\\\/esasem.com\\\/wp-content\\\/uploads\\\/2025\\\/09\\\/logo-esasem-horiz_web.png\",\"contentUrl\":\"https:\\\/\\\/esasem.com\\\/wp-content\\\/uploads\\\/2025\\\/09\\\/logo-esasem-horiz_web.png\",\"width\":412,\"height\":100,\"caption\":\"Esasem\"},\"image\":{\"@id\":\"https:\\\/\\\/esasem.com\\\/es\\\/#\\\/schema\\\/logo\\\/image\\\/\"}}]}<\/script>\n<!-- \/ Yoast SEO plugin. -->","yoast_head_json":{"title":"Semi di Tomate indeterminado del mercado fresco con Giano - Sementi Giano","robots":{"index":"index","follow":"follow","max-snippet":"max-snippet:-1","max-image-preview":"max-image-preview:large","max-video-preview":"max-video-preview:-1"},"canonical":"https:\/\/esasem.com\/es\/sementi-per-orto-professionali\/giano\/","og_locale":"es_ES","og_type":"article","og_title":"Semi di Tomate indeterminado del mercado fresco con Giano - Sementi Giano","og_description":"Variedad tipo \u201cSan Marzano\u201d con frutos alargados, 14 cm de largo y 4 cm de di\u00e1metro, con un peso de 130-150 g. Los frutos son de color rojo brillante cuando est\u00e1n completamente maduros, con pulpa bastante firme y buena vida \u00fatil. Alta tolerancia a la podredumbre apical. Las plantas son muy vigorosas con una fuerte [&hellip;]","og_url":"https:\/\/esasem.com\/es\/sementi-per-orto-professionali\/giano\/","og_site_name":"Esasem","og_image":[{"width":960,"height":720,"url":"https:\/\/esasem.com\/wp-content\/uploads\/2026\/01\/GIANO-F.1-POMODORO.jpg","type":"image\/jpeg"}],"twitter_card":"summary_large_image","schema":{"@context":"https:\/\/schema.org","@graph":[{"@type":"WebPage","@id":"https:\/\/esasem.com\/es\/sementi-per-orto-professionali\/giano\/","url":"https:\/\/esasem.com\/es\/sementi-per-orto-professionali\/giano\/","name":"Semi di Tomate indeterminado del mercado fresco con Giano - Sementi Giano","isPartOf":{"@id":"https:\/\/esasem.com\/es\/#website"},"primaryImageOfPage":{"@id":"https:\/\/esasem.com\/es\/sementi-per-orto-professionali\/giano\/#primaryimage"},"image":{"@id":"https:\/\/esasem.com\/es\/sementi-per-orto-professionali\/giano\/#primaryimage"},"thumbnailUrl":"https:\/\/esasem.com\/wp-content\/uploads\/2026\/01\/GIANO-F.1-POMODORO.jpg","datePublished":"2026-01-12T09:58:41+00:00","breadcrumb":{"@id":"https:\/\/esasem.com\/es\/sementi-per-orto-professionali\/giano\/#breadcrumb"},"inLanguage":"es","potentialAction":[{"@type":"ReadAction","target":["https:\/\/esasem.com\/es\/sementi-per-orto-professionali\/giano\/"]}]},{"@type":"ImageObject","inLanguage":"es","@id":"https:\/\/esasem.com\/es\/sementi-per-orto-professionali\/giano\/#primaryimage","url":"https:\/\/esasem.com\/wp-content\/uploads\/2026\/01\/GIANO-F.1-POMODORO.jpg","contentUrl":"https:\/\/esasem.com\/wp-content\/uploads\/2026\/01\/GIANO-F.1-POMODORO.jpg","width":960,"height":720},{"@type":"BreadcrumbList","@id":"https:\/\/esasem.com\/es\/sementi-per-orto-professionali\/giano\/#breadcrumb","itemListElement":[{"@type":"ListItem","position":1,"name":"Home","item":"https:\/\/esasem.com\/es\/"},{"@type":"ListItem","position":2,"name":"semillas horticolas profesionales","item":"https:\/\/esasem.com\/es\/semillas-horticolas-profesionales\/"},{"@type":"ListItem","position":3,"name":"Giano"}]},{"@type":"WebSite","@id":"https:\/\/esasem.com\/es\/#website","url":"https:\/\/esasem.com\/es\/","name":"Esasem","description":"","publisher":{"@id":"https:\/\/esasem.com\/es\/#organization"},"potentialAction":[{"@type":"SearchAction","target":{"@type":"EntryPoint","urlTemplate":"https:\/\/esasem.com\/es\/?s={search_term_string}"},"query-input":{"@type":"PropertyValueSpecification","valueRequired":true,"valueName":"search_term_string"}}],"inLanguage":"es"},{"@type":"Organization","@id":"https:\/\/esasem.com\/es\/#organization","name":"Esasem","url":"https:\/\/esasem.com\/es\/","logo":{"@type":"ImageObject","inLanguage":"es","@id":"https:\/\/esasem.com\/es\/#\/schema\/logo\/image\/","url":"https:\/\/esasem.com\/wp-content\/uploads\/2025\/09\/logo-esasem-horiz_web.png","contentUrl":"https:\/\/esasem.com\/wp-content\/uploads\/2025\/09\/logo-esasem-horiz_web.png","width":412,"height":100,"caption":"Esasem"},"image":{"@id":"https:\/\/esasem.com\/es\/#\/schema\/logo\/image\/"}}]}},"_links":{"self":[{"href":"https:\/\/esasem.com\/es\/wp-json\/wp\/v2\/product\/3403","targetHints":{"allow":["GET"]}}],"collection":[{"href":"https:\/\/esasem.com\/es\/wp-json\/wp\/v2\/product"}],"about":[{"href":"https:\/\/esasem.com\/es\/wp-json\/wp\/v2\/types\/product"}],"replies":[{"embeddable":true,"href":"https:\/\/esasem.com\/es\/wp-json\/wp\/v2\/comments?post=3403"}],"wp:featuredmedia":[{"embeddable":true,"href":"https:\/\/esasem.com\/es\/wp-json\/wp\/v2\/media\/3404"}],"wp:attachment":[{"href":"https:\/\/esasem.com\/es\/wp-json\/wp\/v2\/media?parent=3403"}],"wp:term":[{"taxonomy":"product_brand","embeddable":true,"href":"https:\/\/esasem.com\/es\/wp-json\/wp\/v2\/product_brand?post=3403"},{"taxonomy":"product_cat","embeddable":true,"href":"https:\/\/esasem.com\/es\/wp-json\/wp\/v2\/product_cat?post=3403"},{"taxonomy":"product_tag","embeddable":true,"href":"https:\/\/esasem.com\/es\/wp-json\/wp\/v2\/product_tag?post=3403"}],"curies":[{"name":"wp","href":"https:\/\/api.w.org\/{rel}","templated":true}]}}