{"id":3370,"date":"2025-09-26T09:06:38","date_gmt":"2025-09-26T07:06:38","guid":{"rendered":"https:\/\/www.esasem.piuinternet.it\/prodotti\/sin categor\u00eda\/memi-f1\/"},"modified":"2025-09-26T09:06:38","modified_gmt":"2025-09-26T07:06:38","slug":"memi-f1","status":"publish","type":"product","link":"https:\/\/esasem.com\/es\/sementi-per-orto-professionali\/memi-f1\/","title":{"rendered":"Memi F1"},"content":{"rendered":"<p><strong>Tomate indeterminado tipo Marmande<\/strong> para cosechar con fruto \u00fanico y pint\u00f3n oscuro. Planta r\u00fastica y de vigor medio-alto, se caracteriza por un sistema foliar bien cubriente y es apta para el cultivo en condiciones de alta conductividad. Excelente cuajado de frutos y alta productividad. Apto para cultivos en invernadero. De t\u00edpica forma acanalada, ligeramente aplanada y de color verde intenso brillante, caracterizado por un hombro verde muy marcado que se mantiene incluso en la fase de pint\u00f3n, excelente cambio de color y elevada consistencia del fruto. <strong>Peso 100\/130 gramos<\/strong> dependiendo de las condiciones de salinidad, alta uniformidad de los frutos.<\/p>\n","protected":false},"excerpt":{"rendered":"<p>Resistencias:<BR><br \/>\nHR: Va:0\/ Vd:0\/ ToMV:0-2\/ Fol:0,1\/ For<BR><br \/>\nIR: TYLCV<\/p>\n","protected":false},"featured_media":3371,"comment_status":"open","ping_status":"closed","template":"","meta":{"_acf_changed":false},"product_brand":[],"product_cat":[207,200],"product_tag":[],"class_list":{"0":"post-3370","1":"product","2":"type-product","3":"status-publish","4":"has-post-thumbnail","6":"product_cat-tomate-de-ensalada","7":"product_cat-tomate-indeterminado-del-mercado-fresco","9":"first","10":"instock","11":"shipping-taxable","12":"product-type-simple"},"acf":[],"yoast_head":"<!-- This site is optimized with the Yoast SEO plugin v27.3 - https:\/\/yoast.com\/product\/yoast-seo-wordpress\/ -->\n<title>Semi di Tomate de ensalada, Tomate indeterminado del mercado fresco con Memi F1 - Sementi Memi F1<\/title>\n<meta name=\"robots\" content=\"index, follow, max-snippet:-1, max-image-preview:large, max-video-preview:-1\" \/>\n<link rel=\"canonical\" href=\"https:\/\/esasem.com\/es\/sementi-per-orto-professionali\/memi-f1\/\" \/>\n<meta property=\"og:locale\" content=\"es_ES\" \/>\n<meta property=\"og:type\" content=\"article\" \/>\n<meta property=\"og:title\" content=\"Semi di Tomate de ensalada, Tomate indeterminado del mercado fresco con Memi F1 - Sementi Memi F1\" \/>\n<meta property=\"og:description\" content=\"Resistencias: HR: Va:0\/ Vd:0\/ ToMV:0-2\/ Fol:0,1\/ For IR: TYLCV\" \/>\n<meta property=\"og:url\" content=\"https:\/\/esasem.com\/es\/sementi-per-orto-professionali\/memi-f1\/\" \/>\n<meta property=\"og:site_name\" content=\"Esasem\" \/>\n<meta property=\"og:image\" content=\"https:\/\/esasem.com\/wp-content\/uploads\/2025\/09\/MEMI-F1.jpeg\" \/>\n\t<meta property=\"og:image:width\" content=\"382\" \/>\n\t<meta property=\"og:image:height\" content=\"317\" \/>\n\t<meta property=\"og:image:type\" content=\"image\/jpeg\" \/>\n<meta name=\"twitter:card\" content=\"summary_large_image\" \/>\n<meta name=\"twitter:label1\" content=\"Tiempo de lectura\" \/>\n\t<meta name=\"twitter:data1\" content=\"1 minuto\" \/>\n<script type=\"application\/ld+json\" class=\"yoast-schema-graph\">{\"@context\":\"https:\\\/\\\/schema.org\",\"@graph\":[{\"@type\":\"WebPage\",\"@id\":\"https:\\\/\\\/esasem.com\\\/es\\\/sementi-per-orto-professionali\\\/memi-f1\\\/\",\"url\":\"https:\\\/\\\/esasem.com\\\/es\\\/sementi-per-orto-professionali\\\/memi-f1\\\/\",\"name\":\"Semi di Tomate de ensalada, Tomate indeterminado del mercado fresco con Memi F1 - Sementi Memi F1\",\"isPartOf\":{\"@id\":\"https:\\\/\\\/esasem.com\\\/es\\\/#website\"},\"primaryImageOfPage\":{\"@id\":\"https:\\\/\\\/esasem.com\\\/es\\\/sementi-per-orto-professionali\\\/memi-f1\\\/#primaryimage\"},\"image\":{\"@id\":\"https:\\\/\\\/esasem.com\\\/es\\\/sementi-per-orto-professionali\\\/memi-f1\\\/#primaryimage\"},\"thumbnailUrl\":\"https:\\\/\\\/esasem.com\\\/wp-content\\\/uploads\\\/2025\\\/09\\\/MEMI-F1.jpeg\",\"datePublished\":\"2025-09-26T07:06:38+00:00\",\"breadcrumb\":{\"@id\":\"https:\\\/\\\/esasem.com\\\/es\\\/sementi-per-orto-professionali\\\/memi-f1\\\/#breadcrumb\"},\"inLanguage\":\"es\",\"potentialAction\":[{\"@type\":\"ReadAction\",\"target\":[\"https:\\\/\\\/esasem.com\\\/es\\\/sementi-per-orto-professionali\\\/memi-f1\\\/\"]}]},{\"@type\":\"ImageObject\",\"inLanguage\":\"es\",\"@id\":\"https:\\\/\\\/esasem.com\\\/es\\\/sementi-per-orto-professionali\\\/memi-f1\\\/#primaryimage\",\"url\":\"https:\\\/\\\/esasem.com\\\/wp-content\\\/uploads\\\/2025\\\/09\\\/MEMI-F1.jpeg\",\"contentUrl\":\"https:\\\/\\\/esasem.com\\\/wp-content\\\/uploads\\\/2025\\\/09\\\/MEMI-F1.jpeg\",\"width\":382,\"height\":317},{\"@type\":\"BreadcrumbList\",\"@id\":\"https:\\\/\\\/esasem.com\\\/es\\\/sementi-per-orto-professionali\\\/memi-f1\\\/#breadcrumb\",\"itemListElement\":[{\"@type\":\"ListItem\",\"position\":1,\"name\":\"Home\",\"item\":\"https:\\\/\\\/esasem.com\\\/es\\\/\"},{\"@type\":\"ListItem\",\"position\":2,\"name\":\"semillas horticolas profesionales\",\"item\":\"https:\\\/\\\/esasem.com\\\/es\\\/semillas-horticolas-profesionales\\\/\"},{\"@type\":\"ListItem\",\"position\":3,\"name\":\"Memi F1\"}]},{\"@type\":\"WebSite\",\"@id\":\"https:\\\/\\\/esasem.com\\\/es\\\/#website\",\"url\":\"https:\\\/\\\/esasem.com\\\/es\\\/\",\"name\":\"Esasem\",\"description\":\"\",\"publisher\":{\"@id\":\"https:\\\/\\\/esasem.com\\\/es\\\/#organization\"},\"potentialAction\":[{\"@type\":\"SearchAction\",\"target\":{\"@type\":\"EntryPoint\",\"urlTemplate\":\"https:\\\/\\\/esasem.com\\\/es\\\/?s={search_term_string}\"},\"query-input\":{\"@type\":\"PropertyValueSpecification\",\"valueRequired\":true,\"valueName\":\"search_term_string\"}}],\"inLanguage\":\"es\"},{\"@type\":\"Organization\",\"@id\":\"https:\\\/\\\/esasem.com\\\/es\\\/#organization\",\"name\":\"Esasem\",\"url\":\"https:\\\/\\\/esasem.com\\\/es\\\/\",\"logo\":{\"@type\":\"ImageObject\",\"inLanguage\":\"es\",\"@id\":\"https:\\\/\\\/esasem.com\\\/es\\\/#\\\/schema\\\/logo\\\/image\\\/\",\"url\":\"https:\\\/\\\/esasem.com\\\/wp-content\\\/uploads\\\/2025\\\/09\\\/logo-esasem-horiz_web.png\",\"contentUrl\":\"https:\\\/\\\/esasem.com\\\/wp-content\\\/uploads\\\/2025\\\/09\\\/logo-esasem-horiz_web.png\",\"width\":412,\"height\":100,\"caption\":\"Esasem\"},\"image\":{\"@id\":\"https:\\\/\\\/esasem.com\\\/es\\\/#\\\/schema\\\/logo\\\/image\\\/\"}}]}<\/script>\n<!-- \/ Yoast SEO plugin. -->","yoast_head_json":{"title":"Semi di Tomate de ensalada, Tomate indeterminado del mercado fresco con Memi F1 - Sementi Memi F1","robots":{"index":"index","follow":"follow","max-snippet":"max-snippet:-1","max-image-preview":"max-image-preview:large","max-video-preview":"max-video-preview:-1"},"canonical":"https:\/\/esasem.com\/es\/sementi-per-orto-professionali\/memi-f1\/","og_locale":"es_ES","og_type":"article","og_title":"Semi di Tomate de ensalada, Tomate indeterminado del mercado fresco con Memi F1 - Sementi Memi F1","og_description":"Resistencias: HR: Va:0\/ Vd:0\/ ToMV:0-2\/ Fol:0,1\/ For IR: TYLCV","og_url":"https:\/\/esasem.com\/es\/sementi-per-orto-professionali\/memi-f1\/","og_site_name":"Esasem","og_image":[{"width":382,"height":317,"url":"https:\/\/esasem.com\/wp-content\/uploads\/2025\/09\/MEMI-F1.jpeg","type":"image\/jpeg"}],"twitter_card":"summary_large_image","twitter_misc":{"Tiempo de lectura":"1 minuto"},"schema":{"@context":"https:\/\/schema.org","@graph":[{"@type":"WebPage","@id":"https:\/\/esasem.com\/es\/sementi-per-orto-professionali\/memi-f1\/","url":"https:\/\/esasem.com\/es\/sementi-per-orto-professionali\/memi-f1\/","name":"Semi di Tomate de ensalada, Tomate indeterminado del mercado fresco con Memi F1 - Sementi Memi F1","isPartOf":{"@id":"https:\/\/esasem.com\/es\/#website"},"primaryImageOfPage":{"@id":"https:\/\/esasem.com\/es\/sementi-per-orto-professionali\/memi-f1\/#primaryimage"},"image":{"@id":"https:\/\/esasem.com\/es\/sementi-per-orto-professionali\/memi-f1\/#primaryimage"},"thumbnailUrl":"https:\/\/esasem.com\/wp-content\/uploads\/2025\/09\/MEMI-F1.jpeg","datePublished":"2025-09-26T07:06:38+00:00","breadcrumb":{"@id":"https:\/\/esasem.com\/es\/sementi-per-orto-professionali\/memi-f1\/#breadcrumb"},"inLanguage":"es","potentialAction":[{"@type":"ReadAction","target":["https:\/\/esasem.com\/es\/sementi-per-orto-professionali\/memi-f1\/"]}]},{"@type":"ImageObject","inLanguage":"es","@id":"https:\/\/esasem.com\/es\/sementi-per-orto-professionali\/memi-f1\/#primaryimage","url":"https:\/\/esasem.com\/wp-content\/uploads\/2025\/09\/MEMI-F1.jpeg","contentUrl":"https:\/\/esasem.com\/wp-content\/uploads\/2025\/09\/MEMI-F1.jpeg","width":382,"height":317},{"@type":"BreadcrumbList","@id":"https:\/\/esasem.com\/es\/sementi-per-orto-professionali\/memi-f1\/#breadcrumb","itemListElement":[{"@type":"ListItem","position":1,"name":"Home","item":"https:\/\/esasem.com\/es\/"},{"@type":"ListItem","position":2,"name":"semillas horticolas profesionales","item":"https:\/\/esasem.com\/es\/semillas-horticolas-profesionales\/"},{"@type":"ListItem","position":3,"name":"Memi F1"}]},{"@type":"WebSite","@id":"https:\/\/esasem.com\/es\/#website","url":"https:\/\/esasem.com\/es\/","name":"Esasem","description":"","publisher":{"@id":"https:\/\/esasem.com\/es\/#organization"},"potentialAction":[{"@type":"SearchAction","target":{"@type":"EntryPoint","urlTemplate":"https:\/\/esasem.com\/es\/?s={search_term_string}"},"query-input":{"@type":"PropertyValueSpecification","valueRequired":true,"valueName":"search_term_string"}}],"inLanguage":"es"},{"@type":"Organization","@id":"https:\/\/esasem.com\/es\/#organization","name":"Esasem","url":"https:\/\/esasem.com\/es\/","logo":{"@type":"ImageObject","inLanguage":"es","@id":"https:\/\/esasem.com\/es\/#\/schema\/logo\/image\/","url":"https:\/\/esasem.com\/wp-content\/uploads\/2025\/09\/logo-esasem-horiz_web.png","contentUrl":"https:\/\/esasem.com\/wp-content\/uploads\/2025\/09\/logo-esasem-horiz_web.png","width":412,"height":100,"caption":"Esasem"},"image":{"@id":"https:\/\/esasem.com\/es\/#\/schema\/logo\/image\/"}}]}},"_links":{"self":[{"href":"https:\/\/esasem.com\/es\/wp-json\/wp\/v2\/product\/3370","targetHints":{"allow":["GET"]}}],"collection":[{"href":"https:\/\/esasem.com\/es\/wp-json\/wp\/v2\/product"}],"about":[{"href":"https:\/\/esasem.com\/es\/wp-json\/wp\/v2\/types\/product"}],"replies":[{"embeddable":true,"href":"https:\/\/esasem.com\/es\/wp-json\/wp\/v2\/comments?post=3370"}],"wp:featuredmedia":[{"embeddable":true,"href":"https:\/\/esasem.com\/es\/wp-json\/wp\/v2\/media\/3371"}],"wp:attachment":[{"href":"https:\/\/esasem.com\/es\/wp-json\/wp\/v2\/media?parent=3370"}],"wp:term":[{"taxonomy":"product_brand","embeddable":true,"href":"https:\/\/esasem.com\/es\/wp-json\/wp\/v2\/product_brand?post=3370"},{"taxonomy":"product_cat","embeddable":true,"href":"https:\/\/esasem.com\/es\/wp-json\/wp\/v2\/product_cat?post=3370"},{"taxonomy":"product_tag","embeddable":true,"href":"https:\/\/esasem.com\/es\/wp-json\/wp\/v2\/product_tag?post=3370"}],"curies":[{"name":"wp","href":"https:\/\/api.w.org\/{rel}","templated":true}]}}