{"id":2666,"date":"2025-10-16T11:24:41","date_gmt":"2025-10-16T09:24:41","guid":{"rendered":"https:\/\/www.esasem.piuinternet.it\/trabaja-con-nosotros\/"},"modified":"2026-04-17T12:36:05","modified_gmt":"2026-04-17T10:36:05","slug":"unete-al-equipo-de-esasem","status":"publish","type":"page","link":"https:\/\/esasem.com\/es\/unete-al-equipo-de-esasem\/","title":{"rendered":"<span>\u00fanete al<\/span> equipo de Esasem"},"content":{"rendered":"\t\t<div data-elementor-type=\"wp-page\" data-elementor-id=\"2666\" class=\"elementor elementor-2666 elementor-1180\" data-elementor-post-type=\"page\">\n\t\t\t\t<div class=\"elementor-element elementor-element-cda5e04 e-con-full e-flex e-con e-parent\" data-id=\"cda5e04\" data-element_type=\"container\" data-e-type=\"container\">\n\t\t\t\t<div class=\"elementor-element elementor-element-60c4eae elementor-widget elementor-widget-template\" data-id=\"60c4eae\" data-element_type=\"widget\" data-e-type=\"widget\" data-widget_type=\"template.default\">\n\t\t\t\t<div class=\"elementor-widget-container\">\n\t\t\t\t\t\t\t<div class=\"elementor-template\">\n\t\t\t\t\t<div data-elementor-type=\"section\" data-elementor-id=\"3828\" class=\"elementor elementor-3828 elementor-869 elementor-869\" data-elementor-post-type=\"elementor_library\">\n\t\t\t<div class=\"elementor-element elementor-element-74b2ab1 e-con-full e-flex e-con e-parent\" data-id=\"74b2ab1\" data-element_type=\"container\" data-e-type=\"container\" data-settings=\"{&quot;background_background&quot;:&quot;classic&quot;}\">\n\t\t\t\t<div class=\"elementor-element elementor-element-ccc816f elementor-widget elementor-widget-woocommerce-breadcrumb\" data-id=\"ccc816f\" data-element_type=\"widget\" data-e-type=\"widget\" data-widget_type=\"woocommerce-breadcrumb.default\">\n\t\t\t\t\t<nav class=\"woocommerce-breadcrumb\" aria-label=\"Breadcrumb\">Inicio<\/nav>\t\t\t\t<\/div>\n\t\t\t\t<\/div>\n\t\t\t\t<\/div>\n\t\t\t\t<\/div>\n\t\t\t\t\t\t<\/div>\n\t\t\t\t<\/div>\n\t\t\t\t<\/div>\n\t\t<div class=\"elementor-element elementor-element-bce13b4 e-flex e-con-boxed e-con e-parent\" data-id=\"bce13b4\" data-element_type=\"container\" data-e-type=\"container\">\n\t\t\t\t\t<div class=\"e-con-inner\">\n\t\t<div class=\"elementor-element elementor-element-9f85f6b e-con-full e-flex e-con e-child\" data-id=\"9f85f6b\" data-element_type=\"container\" data-e-type=\"container\">\n\t\t\t\t<div class=\"elementor-element elementor-element-215d8a0 verde elementor-widget elementor-widget-heading\" data-id=\"215d8a0\" data-element_type=\"widget\" data-e-type=\"widget\" data-widget_type=\"heading.default\">\n\t\t\t\t\t<h1 class=\"elementor-heading-title elementor-size-default\">S\u00daMATE AL  <span>EQUIPO PROFESIONAL DE ESASEM<\/span><\/h1>\t\t\t\t<\/div>\n\t\t\t\t<div class=\"elementor-element elementor-element-0c484f6 elementor-widget elementor-widget-text-editor\" data-id=\"0c484f6\" data-element_type=\"widget\" data-e-type=\"widget\" data-widget_type=\"text-editor.default\">\n\t\t\t\t\t\t\t\t\t<p>Esasem est\u00e1 en constante b\u00fasqueda de colaboradores v\u00e1lidos que est\u00e9n dispuestos a afrontar nuevas aventuras laborales.<\/p>\n<p>Consulta las posiciones abiertas en esta p\u00e1gina o env\u00eda tu candidatura espont\u00e1nea rellenando el siguiente formulario.<\/p>\n\t\t\t\t\t\t\t\t<\/div>\n\t\t\t\t<\/div>\n\t\t<div class=\"elementor-element elementor-element-57161af e-con-full e-flex e-con e-child\" data-id=\"57161af\" data-element_type=\"container\" data-e-type=\"container\">\n\t\t\t\t<div class=\"elementor-element elementor-element-4c7b4bc elementor-widget elementor-widget-image\" data-id=\"4c7b4bc\" data-element_type=\"widget\" data-e-type=\"widget\" data-widget_type=\"image.default\">\n\t\t\t\t\t\t\t\t\t\t\t\t\t\t\t<img decoding=\"async\" src=\"https:\/\/esasem.com\/wp-content\/uploads\/elementor\/thumbs\/lavora-con-noi-rfnypmg97tezzzgyqlrrk2qekqy9v4jrrg9naxmu88.jpg\" title=\"\u00fanete-al-equipo-de-Esasem\" alt=\"\u00fanete-al-equipo-de-Esasem\" loading=\"lazy\" \/>\t\t\t\t\t\t\t\t\t\t\t\t\t\t\t<\/div>\n\t\t\t\t<\/div>\n\t\t\t\t\t<\/div>\n\t\t\t\t<\/div>\n\t\t<div class=\"elementor-element elementor-element-54ed4ca e-flex e-con-boxed e-con e-parent\" data-id=\"54ed4ca\" data-element_type=\"container\" data-e-type=\"container\" data-settings=\"{&quot;background_background&quot;:&quot;classic&quot;}\">\n\t\t\t\t\t<div class=\"e-con-inner\">\n\t\t<div class=\"elementor-element elementor-element-727a555 e-con-full e-flex e-con e-child\" data-id=\"727a555\" data-element_type=\"container\" data-e-type=\"container\">\n\t\t\t\t<div class=\"elementor-element elementor-element-50fb30e giallo elementor-widget elementor-widget-heading\" data-id=\"50fb30e\" data-element_type=\"widget\" data-e-type=\"widget\" data-widget_type=\"heading.default\">\n\t\t\t\t\t<h2 class=\"elementor-heading-title elementor-size-default\">Aplicaci\u00f3n espont\u00e1nea<\/h2>\t\t\t\t<\/div>\n\t\t\t\t<div class=\"elementor-element elementor-element-bac03f3 elementor-widget elementor-widget-text-editor\" data-id=\"bac03f3\" data-element_type=\"widget\" data-e-type=\"widget\" data-widget_type=\"text-editor.default\">\n\t\t\t\t\t\t\t\t\t<p>Si compartes nuestra visi\u00f3n y deseas crecer en un entorno din\u00e1mico y orientado a la sostenibilidad, env\u00edanos tu candidatura espont\u00e1nea. Completa el formulario y adjunta tu curr\u00edculum vitae: estaremos encantados de evaluar tu perfil para futuras oportunidades profesionales.<\/p>\n\t\t\t\t\t\t\t\t<\/div>\n\t\t\t\t<\/div>\n\t\t<div class=\"elementor-element elementor-element-4dfcb74 e-con-full e-flex e-con e-child\" data-id=\"4dfcb74\" data-element_type=\"container\" data-e-type=\"container\">\n\t\t\t\t<div class=\"elementor-element elementor-element-05d69fe elementor-button-align-stretch elementor-widget elementor-widget-form\" data-id=\"05d69fe\" data-element_type=\"widget\" data-e-type=\"widget\" id=\"formabc\" data-settings=\"{&quot;step_next_label&quot;:&quot;Successivo&quot;,&quot;step_previous_label&quot;:&quot;Precedente&quot;,&quot;button_width&quot;:&quot;100&quot;,&quot;step_type&quot;:&quot;number_text&quot;,&quot;step_icon_shape&quot;:&quot;circle&quot;}\" data-widget_type=\"form.default\">\n\t\t\t\t\t\t\t<form class=\"elementor-form\" method=\"post\" name=\"Nuovo modulo\" aria-label=\"Nuovo modulo\">\n\t\t\t<input type=\"hidden\" name=\"post_id\" value=\"2666\"\/>\n\t\t\t<input type=\"hidden\" name=\"form_id\" value=\"05d69fe\"\/>\n\t\t\t<input type=\"hidden\" name=\"referer_title\" value=\"\u00fanete al equipo de Esasem - Esasem\" \/>\n\n\t\t\t\t\t\t\t<input type=\"hidden\" name=\"queried_id\" value=\"2666\"\/>\n\t\t\t\n\t\t\t<div class=\"elementor-form-fields-wrapper elementor-labels-above\">\n\t\t\t\t\t\t\t\t<div class=\"elementor-field-type-text elementor-field-group elementor-column elementor-field-group-name elementor-col-100 elementor-field-required elementor-mark-required\">\n\t\t\t\t\t\t\t\t\t\t\t\t\t<input size=\"1\" type=\"text\" name=\"form_fields[name]\" id=\"form-field-name\" class=\"elementor-field elementor-size-sm  elementor-field-textual\" placeholder=\"Nombre y apellidos*\" required=\"required\">\n\t\t\t\t\t\t\t\t\t\t\t<\/div>\n\t\t\t\t\t\t\t\t<div class=\"elementor-field-type-text elementor-field-group elementor-column elementor-field-group-field_f7f7d17 elementor-col-70 elementor-field-required elementor-mark-required\">\n\t\t\t\t\t\t\t\t\t\t\t\t\t<input size=\"1\" type=\"text\" name=\"form_fields[field_f7f7d17]\" id=\"form-field-field_f7f7d17\" class=\"elementor-field elementor-size-sm  elementor-field-textual\" placeholder=\"Calle\" required=\"required\">\n\t\t\t\t\t\t\t\t\t\t\t<\/div>\n\t\t\t\t\t\t\t\t<div class=\"elementor-field-type-text elementor-field-group elementor-column elementor-field-group-field_3451918 elementor-col-30 elementor-field-required elementor-mark-required\">\n\t\t\t\t\t\t\t\t\t\t\t\t\t<input size=\"1\" type=\"text\" name=\"form_fields[field_3451918]\" id=\"form-field-field_3451918\" class=\"elementor-field elementor-size-sm  elementor-field-textual\" placeholder=\"Ciudad\" required=\"required\">\n\t\t\t\t\t\t\t\t\t\t\t<\/div>\n\t\t\t\t\t\t\t\t<div class=\"elementor-field-type-text elementor-field-group elementor-column elementor-field-group-field_1b3a23b elementor-col-100 elementor-field-required elementor-mark-required\">\n\t\t\t\t\t\t\t\t\t\t\t\t\t<input size=\"1\" type=\"text\" name=\"form_fields[field_1b3a23b]\" id=\"form-field-field_1b3a23b\" class=\"elementor-field elementor-size-sm  elementor-field-textual\" placeholder=\"Estado \/ Provincia \/ Regi\u00f3n\" required=\"required\">\n\t\t\t\t\t\t\t\t\t\t\t<\/div>\n\t\t\t\t\t\t\t\t<div class=\"elementor-field-type-tel elementor-field-group elementor-column elementor-field-group-field_f8357a9 elementor-col-50 elementor-field-required elementor-mark-required\">\n\t\t\t\t\t\t\t<input size=\"1\" type=\"tel\" name=\"form_fields[field_f8357a9]\" id=\"form-field-field_f8357a9\" class=\"elementor-field elementor-size-sm  elementor-field-textual\" placeholder=\"Tel\u00e9fono*\" required=\"required\" pattern=\"[0-9()#&amp;+*-=.]+\" title=\"Solo se aceptan n\u00fameros y caracteres de tel\u00e9fono (#,-,*,etc).\">\n\n\t\t\t\t\t\t<\/div>\n\t\t\t\t\t\t\t\t<div class=\"elementor-field-type-email elementor-field-group elementor-column elementor-field-group-email elementor-col-50 elementor-field-required elementor-mark-required\">\n\t\t\t\t\t\t\t\t\t\t\t\t\t<input size=\"1\" type=\"email\" name=\"form_fields[email]\" id=\"form-field-email\" class=\"elementor-field elementor-size-sm  elementor-field-textual\" placeholder=\"Email*\" required=\"required\">\n\t\t\t\t\t\t\t\t\t\t\t<\/div>\n\t\t\t\t\t\t\t\t<div class=\"elementor-field-type-textarea elementor-field-group elementor-column elementor-field-group-field_c917ae3 elementor-col-50\">\n\t\t\t\t\t<textarea class=\"elementor-field-textual elementor-field  elementor-size-sm\" name=\"form_fields[field_c917ae3]\" id=\"form-field-field_c917ae3\" rows=\"4\" placeholder=\"Breve descripci\u00f3n\"><\/textarea>\t\t\t\t<\/div>\n\t\t\t\t\t\t\t\t<div class=\"elementor-field-type-radio elementor-field-group elementor-column elementor-field-group-field_c0e34e8 elementor-col-50\">\n\t\t\t\t\t\t\t\t\t\t\t\t<label for=\"form-field-field_c0e34e8\" class=\"elementor-field-label\">\n\t\t\t\t\t\t\t\tM\u00e9todo de contacto preferido\t\t\t\t\t\t\t<\/label>\n\t\t\t\t\t\t<div class=\"elementor-field-subgroup  \"><span class=\"elementor-field-option\"><input type=\"radio\" value=\" Tel\u00e9fono\" id=\"form-field-field_c0e34e8-0\" name=\"form_fields[field_c0e34e8]\"> <label for=\"form-field-field_c0e34e8-0\">Tel\u00e9fono <\/label><\/span><span class=\"elementor-field-option\"><input type=\"radio\" value=\" Email \" id=\"form-field-field_c0e34e8-1\" name=\"form_fields[field_c0e34e8]\"> <label for=\"form-field-field_c0e34e8-1\">Email  <\/label><\/span><\/div>\t\t\t\t<\/div>\n\t\t\t\t\t\t\t\t<div class=\"elementor-field-type-select elementor-field-group elementor-column elementor-field-group-message elementor-col-50\">\n\t\t\t\t\t\t\t\t\t\t\t\t<label for=\"form-field-message\" class=\"elementor-field-label\">\n\t\t\t\t\t\t\t\tSector laboral\t\t\t\t\t\t\t<\/label>\n\t\t\t\t\t\t\t\t<div class=\"elementor-field elementor-select-wrapper remove-before \">\n\t\t\t<div class=\"select-caret-down-wrapper\">\n\t\t\t\t<svg aria-hidden=\"true\" class=\"e-font-icon-svg e-eicon-caret-down\" viewBox=\"0 0 571.4 571.4\" xmlns=\"http:\/\/www.w3.org\/2000\/svg\"><path d=\"M571 393Q571 407 561 418L311 668Q300 679 286 679T261 668L11 418Q0 407 0 393T11 368 36 357H536Q550 357 561 368T571 393Z\"><\/path><\/svg>\t\t\t<\/div>\n\t\t\t<select name=\"form_fields[message]\" id=\"form-field-message\" class=\"elementor-field-textual elementor-size-sm\">\n\t\t\t\t\t\t\t\t\t<option value=\" Administraci\u00f3n\">Administraci\u00f3n <\/option>\n\t\t\t\t\t\t\t\t\t<option value=\" Gerente\">Gerente <\/option>\n\t\t\t\t\t\t\t\t\t<option value=\" Agente\">Agente <\/option>\n\t\t\t\t\t\t\t\t\t<option value=\" Trabajador\">Trabajador <\/option>\n\t\t\t\t\t\t\t\t\t<option value=\" Gerencia\">Gerencia <\/option>\n\t\t\t\t\t\t\t\t\t<option value=\" Otro\">Otro <\/option>\n\t\t\t\t\t\t\t<\/select>\n\t\t<\/div>\n\t\t\t\t\t\t<\/div>\n\t\t\t\t\t\t\t\t<div class=\"elementor-field-type-upload elementor-field-group elementor-column elementor-field-group-field_587d66e elementor-col-50\">\n\t\t\t\t\t\t\t\t\t\t\t\t<label for=\"form-field-field_587d66e\" class=\"elementor-field-label\">\n\t\t\t\t\t\t\t\tSubir curr\u00edculum\t\t\t\t\t\t\t<\/label>\n\t\t\t\t\t\t\t\t<input type=\"file\" name=\"form_fields[field_587d66e]\" id=\"form-field-field_587d66e\" class=\"elementor-field elementor-size-sm  elementor-upload-field\">\n\n\t\t\t\t\t\t<\/div>\n\t\t\t\t\t\t\t\t<div class=\"elementor-field-type-text\">\n\t\t\t\t\t<input size=\"1\" type=\"text\" name=\"form_fields[field_2776f15]\" id=\"form-field-field_2776f15\" class=\"elementor-field elementor-size-sm \" style=\"display:none !important;\">\t\t\t\t<\/div>\n\t\t\t\t\t\t\t\t<div class=\"elementor-field-type-acceptance elementor-field-group elementor-column elementor-field-group-field_31d0828 elementor-col-100 elementor-field-required elementor-mark-required\">\n\t\t\t\t\t\t\t<div class=\"elementor-field-subgroup\">\n\t\t\t<span class=\"elementor-field-option\">\n\t\t\t\t<input type=\"checkbox\" name=\"form_fields[field_31d0828]\" id=\"form-field-field_31d0828\" class=\"elementor-field elementor-size-sm  elementor-acceptance-field\" required=\"required\">\n\t\t\t\t<label for=\"form-field-field_31d0828\">Dichiaro di aver letto <a href=\"https:\/\/esasem.com\/es\/informative\/\" target=\"_blank\">l\u2019informativa<\/a> e autorizzo il trattamento dei miei dati personali per i fini in essa indicati.<\/label>\t\t\t<\/span>\n\t\t<\/div>\n\t\t\t\t\t\t<\/div>\n\t\t\t\t\t\t\t\t<div class=\"elementor-field-type-recaptcha_v3 elementor-field-group elementor-column elementor-field-group-field_829a94d elementor-col-100 recaptcha_v3-inline\">\n\t\t\t\t\t<div class=\"elementor-field\" id=\"form-field-field_829a94d\"><div class=\"elementor-g-recaptcha\" data-sitekey=\"6LeKRLosAAAAAE-f6eP_lEzGU8gd5hGfidXsWyER\" data-type=\"v3\" data-action=\"Form\" data-badge=\"inline\" data-size=\"invisible\"><\/div><\/div>\t\t\t\t<\/div>\n\t\t\t\t\t\t\t\t<div class=\"elementor-field-group elementor-column elementor-field-type-submit elementor-col-100 e-form__buttons\">\n\t\t\t\t\t<button class=\"elementor-button elementor-size-sm\" type=\"submit\">\n\t\t\t\t\t\t<span class=\"elementor-button-content-wrapper\">\n\t\t\t\t\t\t\t\t\t\t\t\t\t\t\t\t\t\t\t\t\t\t<span class=\"elementor-button-text\">Enviar<\/span>\n\t\t\t\t\t\t\t\t\t\t\t\t\t<\/span>\n\t\t\t\t\t<\/button>\n\t\t\t\t<\/div>\n\t\t\t<\/div>\n\t\t<\/form>\n\t\t\t\t\t\t<\/div>\n\t\t\t\t<\/div>\n\t\t\t\t\t<\/div>\n\t\t\t\t<\/div>\n\t\t\t\t<\/div>\n\t\t","protected":false},"excerpt":{"rendered":"<p>S\u00daMATE AL EQUIPO PROFESIONAL DE ESASEM Esasem est\u00e1 en constante b\u00fasqueda de colaboradores v\u00e1lidos que est\u00e9n dispuestos a afrontar nuevas aventuras laborales. Consulta las posiciones abiertas en esta p\u00e1gina o env\u00eda tu candidatura espont\u00e1nea rellenando el siguiente formulario. Aplicaci\u00f3n espont\u00e1nea Si compartes nuestra visi\u00f3n y deseas crecer en un entorno din\u00e1mico y orientado a la [&hellip;]<\/p>\n","protected":false},"author":1,"featured_media":0,"parent":0,"menu_order":0,"comment_status":"closed","ping_status":"closed","template":"elementor_header_footer","meta":{"_acf_changed":false,"footnotes":""},"class_list":["post-2666","page","type-page","status-publish","hentry"],"acf":[],"yoast_head":"<!-- This site is optimized with the Yoast SEO plugin v27.3 - https:\/\/yoast.com\/product\/yoast-seo-wordpress\/ -->\n<title>\u00fanete al equipo de Esasem - Esasem<\/title>\n<meta name=\"description\" content=\"Esasem est\u00e1 en constante b\u00fasqueda de colaboradores v\u00e1lidos que est\u00e9n dispuestos a afrontar nuevas aventuras laborales\" \/>\n<meta name=\"robots\" content=\"index, follow, max-snippet:-1, max-image-preview:large, max-video-preview:-1\" \/>\n<link rel=\"canonical\" href=\"https:\/\/esasem.com\/es\/unete-al-equipo-de-esasem\/\" \/>\n<meta property=\"og:locale\" content=\"es_ES\" \/>\n<meta property=\"og:type\" content=\"article\" \/>\n<meta property=\"og:title\" content=\"\u00fanete al equipo de Esasem - Esasem\" \/>\n<meta property=\"og:description\" content=\"Esasem est\u00e1 en constante b\u00fasqueda de colaboradores v\u00e1lidos que est\u00e9n dispuestos a afrontar nuevas aventuras laborales\" \/>\n<meta property=\"og:url\" content=\"https:\/\/esasem.com\/es\/unete-al-equipo-de-esasem\/\" \/>\n<meta property=\"og:site_name\" content=\"Esasem\" \/>\n<meta property=\"article:modified_time\" content=\"2026-04-17T10:36:05+00:00\" \/>\n<meta property=\"og:image\" content=\"https:\/\/esasem.com\/wp-content\/uploads\/elementor\/thumbs\/lavora-con-noi-rfnypmg97tezzzgyqlrrk2qekqy9v4jrrg9naxmu88.jpg\" \/>\n<meta name=\"twitter:card\" content=\"summary_large_image\" \/>\n<script type=\"application\/ld+json\" class=\"yoast-schema-graph\">{\"@context\":\"https:\\\/\\\/schema.org\",\"@graph\":[{\"@type\":\"WebPage\",\"@id\":\"https:\\\/\\\/esasem.com\\\/es\\\/unete-al-equipo-de-esasem\\\/\",\"url\":\"https:\\\/\\\/esasem.com\\\/es\\\/unete-al-equipo-de-esasem\\\/\",\"name\":\"\u00fanete al equipo de Esasem - Esasem\",\"isPartOf\":{\"@id\":\"https:\\\/\\\/esasem.com\\\/es\\\/#website\"},\"primaryImageOfPage\":{\"@id\":\"https:\\\/\\\/esasem.com\\\/es\\\/unete-al-equipo-de-esasem\\\/#primaryimage\"},\"image\":{\"@id\":\"https:\\\/\\\/esasem.com\\\/es\\\/unete-al-equipo-de-esasem\\\/#primaryimage\"},\"thumbnailUrl\":\"https:\\\/\\\/esasem.com\\\/wp-content\\\/uploads\\\/elementor\\\/thumbs\\\/lavora-con-noi-rfnypmg97tezzzgyqlrrk2qekqy9v4jrrg9naxmu88.jpg\",\"datePublished\":\"2025-10-16T09:24:41+00:00\",\"dateModified\":\"2026-04-17T10:36:05+00:00\",\"description\":\"Esasem est\u00e1 en constante b\u00fasqueda de colaboradores v\u00e1lidos que est\u00e9n dispuestos a afrontar nuevas aventuras laborales\",\"breadcrumb\":{\"@id\":\"https:\\\/\\\/esasem.com\\\/es\\\/unete-al-equipo-de-esasem\\\/#breadcrumb\"},\"inLanguage\":\"es\",\"potentialAction\":[{\"@type\":\"ReadAction\",\"target\":[\"https:\\\/\\\/esasem.com\\\/es\\\/unete-al-equipo-de-esasem\\\/\"]}]},{\"@type\":\"ImageObject\",\"inLanguage\":\"es\",\"@id\":\"https:\\\/\\\/esasem.com\\\/es\\\/unete-al-equipo-de-esasem\\\/#primaryimage\",\"url\":\"https:\\\/\\\/esasem.com\\\/wp-content\\\/uploads\\\/elementor\\\/thumbs\\\/lavora-con-noi-rfnypmg97tezzzgyqlrrk2qekqy9v4jrrg9naxmu88.jpg\",\"contentUrl\":\"https:\\\/\\\/esasem.com\\\/wp-content\\\/uploads\\\/elementor\\\/thumbs\\\/lavora-con-noi-rfnypmg97tezzzgyqlrrk2qekqy9v4jrrg9naxmu88.jpg\"},{\"@type\":\"BreadcrumbList\",\"@id\":\"https:\\\/\\\/esasem.com\\\/es\\\/unete-al-equipo-de-esasem\\\/#breadcrumb\",\"itemListElement\":[{\"@type\":\"ListItem\",\"position\":1,\"name\":\"Home\",\"item\":\"https:\\\/\\\/esasem.com\\\/es\\\/\"},{\"@type\":\"ListItem\",\"position\":2,\"name\":\"\u00fanete al equipo de Esasem\"}]},{\"@type\":\"WebSite\",\"@id\":\"https:\\\/\\\/esasem.com\\\/es\\\/#website\",\"url\":\"https:\\\/\\\/esasem.com\\\/es\\\/\",\"name\":\"Esasem\",\"description\":\"\",\"publisher\":{\"@id\":\"https:\\\/\\\/esasem.com\\\/es\\\/#organization\"},\"potentialAction\":[{\"@type\":\"SearchAction\",\"target\":{\"@type\":\"EntryPoint\",\"urlTemplate\":\"https:\\\/\\\/esasem.com\\\/es\\\/?s={search_term_string}\"},\"query-input\":{\"@type\":\"PropertyValueSpecification\",\"valueRequired\":true,\"valueName\":\"search_term_string\"}}],\"inLanguage\":\"es\"},{\"@type\":\"Organization\",\"@id\":\"https:\\\/\\\/esasem.com\\\/es\\\/#organization\",\"name\":\"Esasem\",\"url\":\"https:\\\/\\\/esasem.com\\\/es\\\/\",\"logo\":{\"@type\":\"ImageObject\",\"inLanguage\":\"es\",\"@id\":\"https:\\\/\\\/esasem.com\\\/es\\\/#\\\/schema\\\/logo\\\/image\\\/\",\"url\":\"https:\\\/\\\/esasem.com\\\/wp-content\\\/uploads\\\/2025\\\/09\\\/logo-esasem-horiz_web.png\",\"contentUrl\":\"https:\\\/\\\/esasem.com\\\/wp-content\\\/uploads\\\/2025\\\/09\\\/logo-esasem-horiz_web.png\",\"width\":412,\"height\":100,\"caption\":\"Esasem\"},\"image\":{\"@id\":\"https:\\\/\\\/esasem.com\\\/es\\\/#\\\/schema\\\/logo\\\/image\\\/\"}}]}<\/script>\n<!-- \/ Yoast SEO plugin. -->","yoast_head_json":{"title":"\u00fanete al equipo de Esasem - Esasem","description":"Esasem est\u00e1 en constante b\u00fasqueda de colaboradores v\u00e1lidos que est\u00e9n dispuestos a afrontar nuevas aventuras laborales","robots":{"index":"index","follow":"follow","max-snippet":"max-snippet:-1","max-image-preview":"max-image-preview:large","max-video-preview":"max-video-preview:-1"},"canonical":"https:\/\/esasem.com\/es\/unete-al-equipo-de-esasem\/","og_locale":"es_ES","og_type":"article","og_title":"\u00fanete al equipo de Esasem - Esasem","og_description":"Esasem est\u00e1 en constante b\u00fasqueda de colaboradores v\u00e1lidos que est\u00e9n dispuestos a afrontar nuevas aventuras laborales","og_url":"https:\/\/esasem.com\/es\/unete-al-equipo-de-esasem\/","og_site_name":"Esasem","article_modified_time":"2026-04-17T10:36:05+00:00","og_image":[{"url":"https:\/\/esasem.com\/wp-content\/uploads\/elementor\/thumbs\/lavora-con-noi-rfnypmg97tezzzgyqlrrk2qekqy9v4jrrg9naxmu88.jpg","type":"","width":"","height":""}],"twitter_card":"summary_large_image","schema":{"@context":"https:\/\/schema.org","@graph":[{"@type":"WebPage","@id":"https:\/\/esasem.com\/es\/unete-al-equipo-de-esasem\/","url":"https:\/\/esasem.com\/es\/unete-al-equipo-de-esasem\/","name":"\u00fanete al equipo de Esasem - Esasem","isPartOf":{"@id":"https:\/\/esasem.com\/es\/#website"},"primaryImageOfPage":{"@id":"https:\/\/esasem.com\/es\/unete-al-equipo-de-esasem\/#primaryimage"},"image":{"@id":"https:\/\/esasem.com\/es\/unete-al-equipo-de-esasem\/#primaryimage"},"thumbnailUrl":"https:\/\/esasem.com\/wp-content\/uploads\/elementor\/thumbs\/lavora-con-noi-rfnypmg97tezzzgyqlrrk2qekqy9v4jrrg9naxmu88.jpg","datePublished":"2025-10-16T09:24:41+00:00","dateModified":"2026-04-17T10:36:05+00:00","description":"Esasem est\u00e1 en constante b\u00fasqueda de colaboradores v\u00e1lidos que est\u00e9n dispuestos a afrontar nuevas aventuras laborales","breadcrumb":{"@id":"https:\/\/esasem.com\/es\/unete-al-equipo-de-esasem\/#breadcrumb"},"inLanguage":"es","potentialAction":[{"@type":"ReadAction","target":["https:\/\/esasem.com\/es\/unete-al-equipo-de-esasem\/"]}]},{"@type":"ImageObject","inLanguage":"es","@id":"https:\/\/esasem.com\/es\/unete-al-equipo-de-esasem\/#primaryimage","url":"https:\/\/esasem.com\/wp-content\/uploads\/elementor\/thumbs\/lavora-con-noi-rfnypmg97tezzzgyqlrrk2qekqy9v4jrrg9naxmu88.jpg","contentUrl":"https:\/\/esasem.com\/wp-content\/uploads\/elementor\/thumbs\/lavora-con-noi-rfnypmg97tezzzgyqlrrk2qekqy9v4jrrg9naxmu88.jpg"},{"@type":"BreadcrumbList","@id":"https:\/\/esasem.com\/es\/unete-al-equipo-de-esasem\/#breadcrumb","itemListElement":[{"@type":"ListItem","position":1,"name":"Home","item":"https:\/\/esasem.com\/es\/"},{"@type":"ListItem","position":2,"name":"\u00fanete al equipo de Esasem"}]},{"@type":"WebSite","@id":"https:\/\/esasem.com\/es\/#website","url":"https:\/\/esasem.com\/es\/","name":"Esasem","description":"","publisher":{"@id":"https:\/\/esasem.com\/es\/#organization"},"potentialAction":[{"@type":"SearchAction","target":{"@type":"EntryPoint","urlTemplate":"https:\/\/esasem.com\/es\/?s={search_term_string}"},"query-input":{"@type":"PropertyValueSpecification","valueRequired":true,"valueName":"search_term_string"}}],"inLanguage":"es"},{"@type":"Organization","@id":"https:\/\/esasem.com\/es\/#organization","name":"Esasem","url":"https:\/\/esasem.com\/es\/","logo":{"@type":"ImageObject","inLanguage":"es","@id":"https:\/\/esasem.com\/es\/#\/schema\/logo\/image\/","url":"https:\/\/esasem.com\/wp-content\/uploads\/2025\/09\/logo-esasem-horiz_web.png","contentUrl":"https:\/\/esasem.com\/wp-content\/uploads\/2025\/09\/logo-esasem-horiz_web.png","width":412,"height":100,"caption":"Esasem"},"image":{"@id":"https:\/\/esasem.com\/es\/#\/schema\/logo\/image\/"}}]}},"_links":{"self":[{"href":"https:\/\/esasem.com\/es\/wp-json\/wp\/v2\/pages\/2666","targetHints":{"allow":["GET"]}}],"collection":[{"href":"https:\/\/esasem.com\/es\/wp-json\/wp\/v2\/pages"}],"about":[{"href":"https:\/\/esasem.com\/es\/wp-json\/wp\/v2\/types\/page"}],"author":[{"embeddable":true,"href":"https:\/\/esasem.com\/es\/wp-json\/wp\/v2\/users\/1"}],"replies":[{"embeddable":true,"href":"https:\/\/esasem.com\/es\/wp-json\/wp\/v2\/comments?post=2666"}],"version-history":[{"count":6,"href":"https:\/\/esasem.com\/es\/wp-json\/wp\/v2\/pages\/2666\/revisions"}],"predecessor-version":[{"id":4824,"href":"https:\/\/esasem.com\/es\/wp-json\/wp\/v2\/pages\/2666\/revisions\/4824"}],"wp:attachment":[{"href":"https:\/\/esasem.com\/es\/wp-json\/wp\/v2\/media?parent=2666"}],"curies":[{"name":"wp","href":"https:\/\/api.w.org\/{rel}","templated":true}]}}