{"id":2594,"date":"2025-10-14T09:03:53","date_gmt":"2025-10-14T07:03:53","guid":{"rendered":"https:\/\/www.esasem.piuinternet.it\/nuestras-metas\/"},"modified":"2026-03-25T10:28:33","modified_gmt":"2026-03-25T09:28:33","slug":"tradicion-semillera-italiana","status":"publish","type":"page","link":"https:\/\/esasem.com\/es\/tradicion-semillera-italiana\/","title":{"rendered":"tradici\u00f3n semillera <span>italiana<\/span>"},"content":{"rendered":"\t\t<div data-elementor-type=\"wp-page\" data-elementor-id=\"2594\" class=\"elementor elementor-2594 elementor-926\" data-elementor-post-type=\"page\">\n\t\t\t\t<div class=\"elementor-element elementor-element-1f9755c e-con-full e-flex e-con e-parent\" data-id=\"1f9755c\" data-element_type=\"container\" data-e-type=\"container\">\n\t\t\t\t<div class=\"elementor-element elementor-element-a39211f elementor-widget elementor-widget-template\" data-id=\"a39211f\" data-element_type=\"widget\" data-e-type=\"widget\" data-widget_type=\"template.default\">\n\t\t\t\t<div class=\"elementor-widget-container\">\n\t\t\t\t\t\t\t<div class=\"elementor-template\">\n\t\t\t\t\t<div data-elementor-type=\"section\" data-elementor-id=\"3828\" class=\"elementor elementor-3828 elementor-869 elementor-869\" data-elementor-post-type=\"elementor_library\">\n\t\t\t<div class=\"elementor-element elementor-element-74b2ab1 e-con-full e-flex e-con e-parent\" data-id=\"74b2ab1\" data-element_type=\"container\" data-e-type=\"container\" data-settings=\"{&quot;background_background&quot;:&quot;classic&quot;}\">\n\t\t\t\t<div class=\"elementor-element elementor-element-ccc816f elementor-widget elementor-widget-woocommerce-breadcrumb\" data-id=\"ccc816f\" data-element_type=\"widget\" data-e-type=\"widget\" data-widget_type=\"woocommerce-breadcrumb.default\">\n\t\t\t\t\t<nav class=\"woocommerce-breadcrumb\" aria-label=\"Breadcrumb\">Inicio<\/nav>\t\t\t\t<\/div>\n\t\t\t\t<\/div>\n\t\t\t\t<\/div>\n\t\t\t\t<\/div>\n\t\t\t\t\t\t<\/div>\n\t\t\t\t<\/div>\n\t\t\t\t<\/div>\n\t\t<div class=\"elementor-element elementor-element-4608455 e-flex e-con-boxed e-con e-parent\" data-id=\"4608455\" data-element_type=\"container\" data-e-type=\"container\">\n\t\t\t\t\t<div class=\"e-con-inner\">\n\t\t<div class=\"elementor-element elementor-element-7a6026f e-con-full e-flex e-con e-child\" data-id=\"7a6026f\" data-element_type=\"container\" data-e-type=\"container\">\n\t\t\t\t<div class=\"elementor-element elementor-element-6c11b22 verde elementor-widget elementor-widget-heading\" data-id=\"6c11b22\" data-element_type=\"widget\" data-e-type=\"widget\" data-widget_type=\"heading.default\">\n\t\t\t\t\t<h1 class=\"elementor-heading-title elementor-size-default\">INNOVACI\u00d3N, SOSTENIBILIDAD Y RESPETTO A LA <span>TRADICI\u00d3N SEMILLERA ITALIANA<\/span><\/h1>\t\t\t\t<\/div>\n\t\t\t\t<div class=\"elementor-element elementor-element-b4d921f elementor-widget elementor-widget-text-editor\" data-id=\"b4d921f\" data-element_type=\"widget\" data-e-type=\"widget\" data-widget_type=\"text-editor.default\">\n\t\t\t\t\t\t\t\t\t<p>Con el slogan \u201cla semilla de la investigaci\u00f3n\u201d quer\u00edamos resumir la misi\u00f3n de la empresa, la b\u00fasqueda de nuevas variedades para ofrecer productos \u00f3ptimos capaces de aportar innovaci\u00f3n y desarrollo al mercado hortofrut\u00edcola profesional.<\/p>\n<p>Nuestros productos realzan la tradici\u00f3n semillera italiana asegurando una larga vida \u00fatil para toda la cadena comercial.<\/p>\n<p>Gracias a la investigaci\u00f3n gen\u00e9tica dedicada al mercado espa\u00f1ol y a los excelentes resultados productivos, garantizamos la sostenibilidad de las empresas hortofrut\u00edcolas y ofrecemos variedades con un importante rango de resistencia y tolerancia gen\u00e9tica a patolog\u00edas.<\/p>\n\t\t\t\t\t\t\t\t<\/div>\n\t\t\t\t<\/div>\n\t\t<div class=\"elementor-element elementor-element-07b8da7 e-con-full e-flex e-con e-child\" data-id=\"07b8da7\" data-element_type=\"container\" data-e-type=\"container\">\n\t\t\t\t<div class=\"elementor-element elementor-element-b7c798a elementor-widget elementor-widget-image\" data-id=\"b7c798a\" data-element_type=\"widget\" data-e-type=\"widget\" data-widget_type=\"image.default\">\n\t\t\t\t\t\t\t\t\t\t\t\t\t\t\t<img fetchpriority=\"high\" decoding=\"async\" width=\"800\" height=\"534\" src=\"https:\/\/esasem.com\/wp-content\/uploads\/2025\/11\/pexels-annija-u-492300719-16047143-1024x684.jpg\" class=\"attachment-large size-large wp-image-2593\" alt=\"\" srcset=\"https:\/\/esasem.com\/wp-content\/uploads\/2025\/11\/pexels-annija-u-492300719-16047143-1024x684.jpg 1024w, https:\/\/esasem.com\/wp-content\/uploads\/2025\/11\/pexels-annija-u-492300719-16047143-300x200.jpg 300w, https:\/\/esasem.com\/wp-content\/uploads\/2025\/11\/pexels-annija-u-492300719-16047143-768x513.jpg 768w, https:\/\/esasem.com\/wp-content\/uploads\/2025\/11\/pexels-annija-u-492300719-16047143-600x401.jpg 600w, https:\/\/esasem.com\/wp-content\/uploads\/2025\/11\/pexels-annija-u-492300719-16047143.jpg 1280w\" sizes=\"(max-width: 800px) 100vw, 800px\" \/>\t\t\t\t\t\t\t\t\t\t\t\t\t\t\t<\/div>\n\t\t\t\t<\/div>\n\t\t\t\t\t<\/div>\n\t\t\t\t<\/div>\n\t\t\t\t<\/div>\n\t\t","protected":false},"excerpt":{"rendered":"<p>INNOVACI\u00d3N, SOSTENIBILIDAD Y RESPETTO A LA TRADICI\u00d3N SEMILLERA ITALIANA Con el slogan \u201cla semilla de la investigaci\u00f3n\u201d quer\u00edamos resumir la misi\u00f3n de la empresa, la b\u00fasqueda de nuevas variedades para ofrecer productos \u00f3ptimos capaces de aportar innovaci\u00f3n y desarrollo al mercado hortofrut\u00edcola profesional. Nuestros productos realzan la tradici\u00f3n semillera italiana asegurando una larga vida \u00fatil [&hellip;]<\/p>\n","protected":false},"author":1,"featured_media":0,"parent":0,"menu_order":0,"comment_status":"closed","ping_status":"closed","template":"elementor_header_footer","meta":{"_acf_changed":false,"footnotes":""},"class_list":["post-2594","page","type-page","status-publish","hentry"],"acf":[],"yoast_head":"<!-- This site is optimized with the Yoast SEO plugin v27.3 - https:\/\/yoast.com\/product\/yoast-seo-wordpress\/ -->\n<title>tradici\u00f3n semillera italiana - Esasem<\/title>\n<meta name=\"description\" content=\"Tradici\u00f3n semillera italiana. Con el slogan \u201cla semilla de la investigaci\u00f3n\u201d quer\u00edamos resumir la misi\u00f3n de la empresa, la b\u00fa\u2026\" \/>\n<meta name=\"robots\" content=\"index, follow, max-snippet:-1, max-image-preview:large, max-video-preview:-1\" \/>\n<link rel=\"canonical\" href=\"https:\/\/esasem.com\/es\/tradicion-semillera-italiana\/\" \/>\n<meta property=\"og:locale\" content=\"es_ES\" \/>\n<meta property=\"og:type\" content=\"article\" \/>\n<meta property=\"og:title\" content=\"tradici\u00f3n semillera italiana - Esasem\" \/>\n<meta property=\"og:description\" content=\"Tradici\u00f3n semillera italiana. Con el slogan \u201cla semilla de la investigaci\u00f3n\u201d quer\u00edamos resumir la misi\u00f3n de la empresa, la b\u00fa\u2026\" \/>\n<meta property=\"og:url\" content=\"https:\/\/esasem.com\/es\/tradicion-semillera-italiana\/\" \/>\n<meta property=\"og:site_name\" content=\"Esasem\" \/>\n<meta property=\"article:modified_time\" content=\"2026-03-25T09:28:33+00:00\" \/>\n<meta property=\"og:image\" content=\"https:\/\/esasem.com\/wp-content\/uploads\/2025\/11\/pexels-annija-u-492300719-16047143.jpg\" \/>\n\t<meta property=\"og:image:width\" content=\"1280\" \/>\n\t<meta property=\"og:image:height\" content=\"855\" \/>\n\t<meta property=\"og:image:type\" content=\"image\/jpeg\" \/>\n<meta name=\"twitter:card\" content=\"summary_large_image\" \/>\n<meta name=\"twitter:label1\" content=\"Tiempo de lectura\" \/>\n\t<meta name=\"twitter:data1\" content=\"1 minuto\" \/>\n<script type=\"application\/ld+json\" class=\"yoast-schema-graph\">{\"@context\":\"https:\\\/\\\/schema.org\",\"@graph\":[{\"@type\":\"WebPage\",\"@id\":\"https:\\\/\\\/esasem.com\\\/es\\\/tradicion-semillera-italiana\\\/\",\"url\":\"https:\\\/\\\/esasem.com\\\/es\\\/tradicion-semillera-italiana\\\/\",\"name\":\"tradici\u00f3n semillera italiana - Esasem\",\"isPartOf\":{\"@id\":\"https:\\\/\\\/esasem.com\\\/es\\\/#website\"},\"primaryImageOfPage\":{\"@id\":\"https:\\\/\\\/esasem.com\\\/es\\\/tradicion-semillera-italiana\\\/#primaryimage\"},\"image\":{\"@id\":\"https:\\\/\\\/esasem.com\\\/es\\\/tradicion-semillera-italiana\\\/#primaryimage\"},\"thumbnailUrl\":\"https:\\\/\\\/esasem.com\\\/wp-content\\\/uploads\\\/2025\\\/11\\\/pexels-annija-u-492300719-16047143-1024x684.jpg\",\"datePublished\":\"2025-10-14T07:03:53+00:00\",\"dateModified\":\"2026-03-25T09:28:33+00:00\",\"description\":\"Tradici\u00f3n semillera italiana. Con el slogan \u201cla semilla de la investigaci\u00f3n\u201d quer\u00edamos resumir la misi\u00f3n de la empresa, la b\u00fa\u2026\",\"breadcrumb\":{\"@id\":\"https:\\\/\\\/esasem.com\\\/es\\\/tradicion-semillera-italiana\\\/#breadcrumb\"},\"inLanguage\":\"es\",\"potentialAction\":[{\"@type\":\"ReadAction\",\"target\":[\"https:\\\/\\\/esasem.com\\\/es\\\/tradicion-semillera-italiana\\\/\"]}]},{\"@type\":\"ImageObject\",\"inLanguage\":\"es\",\"@id\":\"https:\\\/\\\/esasem.com\\\/es\\\/tradicion-semillera-italiana\\\/#primaryimage\",\"url\":\"https:\\\/\\\/esasem.com\\\/wp-content\\\/uploads\\\/2025\\\/11\\\/pexels-annija-u-492300719-16047143-1024x684.jpg\",\"contentUrl\":\"https:\\\/\\\/esasem.com\\\/wp-content\\\/uploads\\\/2025\\\/11\\\/pexels-annija-u-492300719-16047143-1024x684.jpg\"},{\"@type\":\"BreadcrumbList\",\"@id\":\"https:\\\/\\\/esasem.com\\\/es\\\/tradicion-semillera-italiana\\\/#breadcrumb\",\"itemListElement\":[{\"@type\":\"ListItem\",\"position\":1,\"name\":\"Home\",\"item\":\"https:\\\/\\\/esasem.com\\\/es\\\/\"},{\"@type\":\"ListItem\",\"position\":2,\"name\":\"tradici\u00f3n semillera italiana\"}]},{\"@type\":\"WebSite\",\"@id\":\"https:\\\/\\\/esasem.com\\\/es\\\/#website\",\"url\":\"https:\\\/\\\/esasem.com\\\/es\\\/\",\"name\":\"Esasem\",\"description\":\"\",\"publisher\":{\"@id\":\"https:\\\/\\\/esasem.com\\\/es\\\/#organization\"},\"potentialAction\":[{\"@type\":\"SearchAction\",\"target\":{\"@type\":\"EntryPoint\",\"urlTemplate\":\"https:\\\/\\\/esasem.com\\\/es\\\/?s={search_term_string}\"},\"query-input\":{\"@type\":\"PropertyValueSpecification\",\"valueRequired\":true,\"valueName\":\"search_term_string\"}}],\"inLanguage\":\"es\"},{\"@type\":\"Organization\",\"@id\":\"https:\\\/\\\/esasem.com\\\/es\\\/#organization\",\"name\":\"Esasem\",\"url\":\"https:\\\/\\\/esasem.com\\\/es\\\/\",\"logo\":{\"@type\":\"ImageObject\",\"inLanguage\":\"es\",\"@id\":\"https:\\\/\\\/esasem.com\\\/es\\\/#\\\/schema\\\/logo\\\/image\\\/\",\"url\":\"https:\\\/\\\/esasem.com\\\/wp-content\\\/uploads\\\/2025\\\/09\\\/logo-esasem-horiz_web.png\",\"contentUrl\":\"https:\\\/\\\/esasem.com\\\/wp-content\\\/uploads\\\/2025\\\/09\\\/logo-esasem-horiz_web.png\",\"width\":412,\"height\":100,\"caption\":\"Esasem\"},\"image\":{\"@id\":\"https:\\\/\\\/esasem.com\\\/es\\\/#\\\/schema\\\/logo\\\/image\\\/\"}}]}<\/script>\n<!-- \/ Yoast SEO plugin. -->","yoast_head_json":{"title":"tradici\u00f3n semillera italiana - Esasem","description":"Tradici\u00f3n semillera italiana. Con el slogan \u201cla semilla de la investigaci\u00f3n\u201d quer\u00edamos resumir la misi\u00f3n de la empresa, la b\u00fa\u2026","robots":{"index":"index","follow":"follow","max-snippet":"max-snippet:-1","max-image-preview":"max-image-preview:large","max-video-preview":"max-video-preview:-1"},"canonical":"https:\/\/esasem.com\/es\/tradicion-semillera-italiana\/","og_locale":"es_ES","og_type":"article","og_title":"tradici\u00f3n semillera italiana - Esasem","og_description":"Tradici\u00f3n semillera italiana. Con el slogan \u201cla semilla de la investigaci\u00f3n\u201d quer\u00edamos resumir la misi\u00f3n de la empresa, la b\u00fa\u2026","og_url":"https:\/\/esasem.com\/es\/tradicion-semillera-italiana\/","og_site_name":"Esasem","article_modified_time":"2026-03-25T09:28:33+00:00","og_image":[{"width":1280,"height":855,"url":"https:\/\/esasem.com\/wp-content\/uploads\/2025\/11\/pexels-annija-u-492300719-16047143.jpg","type":"image\/jpeg"}],"twitter_card":"summary_large_image","twitter_misc":{"Tiempo de lectura":"1 minuto"},"schema":{"@context":"https:\/\/schema.org","@graph":[{"@type":"WebPage","@id":"https:\/\/esasem.com\/es\/tradicion-semillera-italiana\/","url":"https:\/\/esasem.com\/es\/tradicion-semillera-italiana\/","name":"tradici\u00f3n semillera italiana - Esasem","isPartOf":{"@id":"https:\/\/esasem.com\/es\/#website"},"primaryImageOfPage":{"@id":"https:\/\/esasem.com\/es\/tradicion-semillera-italiana\/#primaryimage"},"image":{"@id":"https:\/\/esasem.com\/es\/tradicion-semillera-italiana\/#primaryimage"},"thumbnailUrl":"https:\/\/esasem.com\/wp-content\/uploads\/2025\/11\/pexels-annija-u-492300719-16047143-1024x684.jpg","datePublished":"2025-10-14T07:03:53+00:00","dateModified":"2026-03-25T09:28:33+00:00","description":"Tradici\u00f3n semillera italiana. Con el slogan \u201cla semilla de la investigaci\u00f3n\u201d quer\u00edamos resumir la misi\u00f3n de la empresa, la b\u00fa\u2026","breadcrumb":{"@id":"https:\/\/esasem.com\/es\/tradicion-semillera-italiana\/#breadcrumb"},"inLanguage":"es","potentialAction":[{"@type":"ReadAction","target":["https:\/\/esasem.com\/es\/tradicion-semillera-italiana\/"]}]},{"@type":"ImageObject","inLanguage":"es","@id":"https:\/\/esasem.com\/es\/tradicion-semillera-italiana\/#primaryimage","url":"https:\/\/esasem.com\/wp-content\/uploads\/2025\/11\/pexels-annija-u-492300719-16047143-1024x684.jpg","contentUrl":"https:\/\/esasem.com\/wp-content\/uploads\/2025\/11\/pexels-annija-u-492300719-16047143-1024x684.jpg"},{"@type":"BreadcrumbList","@id":"https:\/\/esasem.com\/es\/tradicion-semillera-italiana\/#breadcrumb","itemListElement":[{"@type":"ListItem","position":1,"name":"Home","item":"https:\/\/esasem.com\/es\/"},{"@type":"ListItem","position":2,"name":"tradici\u00f3n semillera italiana"}]},{"@type":"WebSite","@id":"https:\/\/esasem.com\/es\/#website","url":"https:\/\/esasem.com\/es\/","name":"Esasem","description":"","publisher":{"@id":"https:\/\/esasem.com\/es\/#organization"},"potentialAction":[{"@type":"SearchAction","target":{"@type":"EntryPoint","urlTemplate":"https:\/\/esasem.com\/es\/?s={search_term_string}"},"query-input":{"@type":"PropertyValueSpecification","valueRequired":true,"valueName":"search_term_string"}}],"inLanguage":"es"},{"@type":"Organization","@id":"https:\/\/esasem.com\/es\/#organization","name":"Esasem","url":"https:\/\/esasem.com\/es\/","logo":{"@type":"ImageObject","inLanguage":"es","@id":"https:\/\/esasem.com\/es\/#\/schema\/logo\/image\/","url":"https:\/\/esasem.com\/wp-content\/uploads\/2025\/09\/logo-esasem-horiz_web.png","contentUrl":"https:\/\/esasem.com\/wp-content\/uploads\/2025\/09\/logo-esasem-horiz_web.png","width":412,"height":100,"caption":"Esasem"},"image":{"@id":"https:\/\/esasem.com\/es\/#\/schema\/logo\/image\/"}}]}},"_links":{"self":[{"href":"https:\/\/esasem.com\/es\/wp-json\/wp\/v2\/pages\/2594","targetHints":{"allow":["GET"]}}],"collection":[{"href":"https:\/\/esasem.com\/es\/wp-json\/wp\/v2\/pages"}],"about":[{"href":"https:\/\/esasem.com\/es\/wp-json\/wp\/v2\/types\/page"}],"author":[{"embeddable":true,"href":"https:\/\/esasem.com\/es\/wp-json\/wp\/v2\/users\/1"}],"replies":[{"embeddable":true,"href":"https:\/\/esasem.com\/es\/wp-json\/wp\/v2\/comments?post=2594"}],"version-history":[{"count":5,"href":"https:\/\/esasem.com\/es\/wp-json\/wp\/v2\/pages\/2594\/revisions"}],"predecessor-version":[{"id":4393,"href":"https:\/\/esasem.com\/es\/wp-json\/wp\/v2\/pages\/2594\/revisions\/4393"}],"wp:attachment":[{"href":"https:\/\/esasem.com\/es\/wp-json\/wp\/v2\/media?parent=2594"}],"curies":[{"name":"wp","href":"https:\/\/api.w.org\/{rel}","templated":true}]}}